{"id":3421,"date":"2022-10-19T19:40:09","date_gmt":"2022-10-19T19:40:09","guid":{"rendered":"https:\/\/clinicaltrials.allmedia.rs\/?page_id=3421"},"modified":"2023-06-25T14:48:34","modified_gmt":"2023-06-25T14:48:34","slug":"who-we-are","status":"publish","type":"page","link":"https:\/\/clinicaltrials.rs\/sr\/who-we-are\/","title":{"rendered":"Ko smo mi?"},"content":{"rendered":"<div data-elementor-type=\"wp-page\" data-elementor-id=\"3421\" class=\"elementor elementor-3421\">\n\t\t\t\t\t\t<section class=\"elementor-section elementor-top-section elementor-element elementor-element-5bf2a3c3 elementor-section-boxed elementor-section-height-default elementor-section-height-default\" data-id=\"5bf2a3c3\" data-element_type=\"section\" data-e-type=\"section\">\n\t\t\t\t\t\t<div class=\"elementor-container elementor-column-gap-no\">\n\t\t\t\t\t<div class=\"elementor-column elementor-col-100 elementor-top-column elementor-element elementor-element-235f26fb\" data-id=\"235f26fb\" data-element_type=\"column\" data-e-type=\"column\">\n\t\t\t<div class=\"elementor-widget-wrap elementor-element-populated\">\n\t\t\t\t\t\t<div class=\"elementor-element elementor-element-4f0c9699 elementor-widget elementor-widget-laborex_future_member_content1\" data-id=\"4f0c9699\" data-element_type=\"widget\" data-e-type=\"widget\" data-widget_type=\"laborex_future_member_content1.default\">\n\t\t\t\t<div class=\"elementor-widget-container\">\n\t\t\t\t\t \r\n\t\t<div class=\"content-one\">\r\n\t\t\t<div class=\"text\">\r\n\t\t\t\t<h3>Ko smo mi?<\/h3>\r\n\t\t\t\t<p>Specijalizovana ustanova za klini\u010dka ispitivanja koja upo\u0161ljava iskusne istra\u017eiva\u010de i stremi da omogu\u0107i pacijentima\nnajnovije terapijske opcije.<\/p><p class=\"translation-block\">MSB Centar za klini\u010dka ispitivanja je prvi i trenutno, jedini, specijalizovani centar za klini\u010dka ispitivanja u Srbiji, osnovan\nkao deo potpuno opremljene privatne bolnice Medicinski Sistem Beograd, sa ukupnim prostorom od 1500<sup>2<\/sup> .<\/p><p>Op\u0161ta bolnica Medicinski Sistem Beograd, \u010diji smo deo, osnovana je 2004. godine kao jedna od prvih privatnih bolnica\nu Srbiji. Bolnica je adekvatno opremljena po svetskim standardima, upo\u0161ljava vrsne medicinske stru\u010dnjake i pru\u017ea\npacijentima \u0161irok izbor medicinskih, hirur\u0161kih, terapijskih i dijagnosti\u010dkih usluga.<\/p>\t\t\t<\/div>\r\n\t\t\t<figure class=\"image\">\r\n\t\t\t\t<div class=\"shape rotate-me\" style=\"background-image: url(https:\/\/clinicaltrials.rs\/wp-content\/uploads\/2021\/05\/shape-58.png);\"><\/div>\r\n\t\t\t\t<img fetchpriority=\"high\" decoding=\"async\" width=\"770\" height=\"300\" src=\"https:\/\/clinicaltrials.rs\/wp-content\/uploads\/2022\/11\/Whoweare1.jpg\" class=\"attachment-full size-full\" alt=\"\" srcset=\"https:\/\/clinicaltrials.rs\/wp-content\/uploads\/2022\/11\/Whoweare1.jpg 770w, https:\/\/clinicaltrials.rs\/wp-content\/uploads\/2022\/11\/Whoweare1-300x117.jpg 300w, https:\/\/clinicaltrials.rs\/wp-content\/uploads\/2022\/11\/Whoweare1-768x299.jpg 768w\" sizes=\"(max-width: 770px) 100vw, 770px\" \/>\t\t\t<\/figure>\r\n\t\t<\/div> \r\n\t\t\t\t\t\t<\/div>\n\t\t\t\t<\/div>\n\t\t\t\t<div class=\"elementor-element elementor-element-1d2c620 elementor-widget elementor-widget-laborex_future_member_content1\" data-id=\"1d2c620\" data-element_type=\"widget\" data-e-type=\"widget\" data-widget_type=\"laborex_future_member_content1.default\">\n\t\t\t\t<div class=\"elementor-widget-container\">\n\t\t\t\t\t \r\n\t\t<div class=\"content-one\">\r\n\t\t\t<div class=\"text\">\r\n\t\t\t\t<h3>MSB Centar za klini\u010dka ispitivanja <\/h3>\r\n\t\t\t\t<p>MSB Centar za klini\u010dka ispitivanja postoji u sklopu MSB Op\u0161te bolnice od 2021. godine, kao potpuno opremljen centar\nza sprovo\u0111enje klini\u010dkih studija od I do IV faze u razvoju novih lekova, dijetetskih suplemenata i medicinskih\npomagala.<\/p><p>U sastavu na\u0161eg Centra je i potpuno opremljena jedinica za sprovo\u0111enje klini\u010dkih studija faze I u populaciji zdravih\ndobrovoljaca i pacijenata.\nU svrhu sprovo\u0111enja klini\u010dkih ispitivanja, na\u0161 Centar ima pristup \u010ditavoj opremi i resursima bolnice, te su ispunjene sve\npotrebe studije.<\/p><p>Iako ve\u0107 u\u010destvujemo u studijama u brojnim medicinskim poljima, stalno pro\u0161irujemo na\u0161 portfolio kako bismo pokrili\n\u0161to \u0161iri spektar medicinskih indikacija i pru\u017eili na\u0161im pacijentima najvi\u0161i standard nege uz atmosferu komfora.<\/p>\t\t\t<\/div>\r\n\t\t\t<figure class=\"image\">\r\n\t\t\t\t<div class=\"shape rotate-me\" style=\"background-image: url(https:\/\/clinicaltrials.rs\/wp-content\/uploads\/2021\/05\/shape-58.png);\"><\/div>\r\n\t\t\t\t<img decoding=\"async\" width=\"770\" height=\"514\" src=\"https:\/\/clinicaltrials.rs\/wp-content\/uploads\/2022\/11\/Whoweare2.jpg\" class=\"attachment-full size-full\" alt=\"\" srcset=\"https:\/\/clinicaltrials.rs\/wp-content\/uploads\/2022\/11\/Whoweare2.jpg 770w, https:\/\/clinicaltrials.rs\/wp-content\/uploads\/2022\/11\/Whoweare2-300x200.jpg 300w, https:\/\/clinicaltrials.rs\/wp-content\/uploads\/2022\/11\/Whoweare2-768x513.jpg 768w\" sizes=\"(max-width: 770px) 100vw, 770px\" \/>\t\t\t<\/figure>\r\n\t\t<\/div> \r\n\t\t\t\t\t\t<\/div>\n\t\t\t\t<\/div>\n\t\t\t\t\t<\/div>\n\t\t<\/div>\n\t\t\t\t\t<\/div>\n\t\t<\/section>\n\t\t\t\t<\/div>","protected":false},"excerpt":{"rendered":"<p>Who we are? Specialized Clinical Trial facility with dedicated infrastructure and experienced researchers, committed to providing the latest treatment options to our patients. MSB Clinical Research Center is the first [&hellip;]<\/p>\n","protected":false},"author":2,"featured_media":4067,"parent":0,"menu_order":0,"comment_status":"closed","ping_status":"closed","template":"","meta":{"footnotes":""},"class_list":["post-3421","page","type-page","status-publish","has-post-thumbnail","hentry"],"yoast_head":"<!-- This site is optimized with the Yoast SEO plugin v27.4 - https:\/\/yoast.com\/product\/yoast-seo-wordpress\/ -->\n<title>Who we are - MSB Clinical Research Center<\/title>\n<meta name=\"robots\" content=\"index, follow, max-snippet:-1, max-image-preview:large, max-video-preview:-1\" \/>\n<link rel=\"canonical\" href=\"https:\/\/clinicaltrials.rs\/sr\/who-we-are\/\" \/>\n<meta property=\"og:locale\" content=\"sr_RS\" \/>\n<meta property=\"og:type\" content=\"article\" \/>\n<meta property=\"og:title\" content=\"Who we are - MSB Clinical Research Center\" \/>\n<meta property=\"og:description\" content=\"Who we are? Specialized Clinical Trial facility with dedicated infrastructure and experienced researchers, committed to providing the latest treatment options to our patients. MSB Clinical Research Center is the first [&hellip;]\" \/>\n<meta property=\"og:url\" content=\"https:\/\/clinicaltrials.rs\/sr\/who-we-are\/\" \/>\n<meta property=\"og:site_name\" content=\"MSB Clinical Research Center\" \/>\n<meta property=\"article:modified_time\" content=\"2023-06-25T14:48:34+00:00\" \/>\n<meta property=\"og:image\" content=\"https:\/\/clinicaltrials.rs\/wp-content\/uploads\/2022\/12\/page-title.jpg\" \/>\n\t<meta property=\"og:image:width\" content=\"1920\" \/>\n\t<meta property=\"og:image:height\" content=\"338\" \/>\n\t<meta property=\"og:image:type\" content=\"image\/jpeg\" \/>\n<meta name=\"twitter:card\" content=\"summary_large_image\" \/>\n<meta name=\"twitter:label1\" content=\"\u041f\u0440\u043e\u0446\u0435\u045a\u0435\u043d\u043e \u0432\u0440\u0435\u043c\u0435 \u0447\u0438\u0442\u0430\u045a\u0430\" \/>\n\t<meta name=\"twitter:data1\" content=\"2 \u043c\u0438\u043d\u0443\u0442\u0430\" \/>\n<script type=\"application\/ld+json\" class=\"yoast-schema-graph\">{\"@context\":\"https:\\\/\\\/schema.org\",\"@graph\":[{\"@type\":\"WebPage\",\"@id\":\"https:\\\/\\\/clinicaltrials.rs\\\/sr\\\/who-we-are\\\/\",\"url\":\"https:\\\/\\\/clinicaltrials.rs\\\/sr\\\/who-we-are\\\/\",\"name\":\"Who we are - MSB Clinical Research Center\",\"isPartOf\":{\"@id\":\"https:\\\/\\\/clinicaltrials.rs\\\/#website\"},\"primaryImageOfPage\":{\"@id\":\"https:\\\/\\\/clinicaltrials.rs\\\/sr\\\/who-we-are\\\/#primaryimage\"},\"image\":{\"@id\":\"https:\\\/\\\/clinicaltrials.rs\\\/sr\\\/who-we-are\\\/#primaryimage\"},\"thumbnailUrl\":\"https:\\\/\\\/clinicaltrials.rs\\\/wp-content\\\/uploads\\\/2022\\\/12\\\/page-title.jpg\",\"datePublished\":\"2022-10-19T19:40:09+00:00\",\"dateModified\":\"2023-06-25T14:48:34+00:00\",\"breadcrumb\":{\"@id\":\"https:\\\/\\\/clinicaltrials.rs\\\/sr\\\/who-we-are\\\/#breadcrumb\"},\"inLanguage\":\"sr-RS\",\"potentialAction\":[{\"@type\":\"ReadAction\",\"target\":[\"https:\\\/\\\/clinicaltrials.rs\\\/sr\\\/who-we-are\\\/\"]}]},{\"@type\":\"ImageObject\",\"inLanguage\":\"sr-RS\",\"@id\":\"https:\\\/\\\/clinicaltrials.rs\\\/sr\\\/who-we-are\\\/#primaryimage\",\"url\":\"https:\\\/\\\/clinicaltrials.rs\\\/wp-content\\\/uploads\\\/2022\\\/12\\\/page-title.jpg\",\"contentUrl\":\"https:\\\/\\\/clinicaltrials.rs\\\/wp-content\\\/uploads\\\/2022\\\/12\\\/page-title.jpg\",\"width\":1920,\"height\":338},{\"@type\":\"BreadcrumbList\",\"@id\":\"https:\\\/\\\/clinicaltrials.rs\\\/sr\\\/who-we-are\\\/#breadcrumb\",\"itemListElement\":[{\"@type\":\"ListItem\",\"position\":1,\"name\":\"Home\",\"item\":\"https:\\\/\\\/clinicaltrials.rs\\\/\"},{\"@type\":\"ListItem\",\"position\":2,\"name\":\"Who we are\"}]},{\"@type\":\"WebSite\",\"@id\":\"https:\\\/\\\/clinicaltrials.rs\\\/#website\",\"url\":\"https:\\\/\\\/clinicaltrials.rs\\\/\",\"name\":\"MSB Clinical Research Center\",\"description\":\"Clinical Research Done Right\",\"publisher\":{\"@id\":\"https:\\\/\\\/clinicaltrials.rs\\\/#organization\"},\"alternateName\":\"Centar za klini\u010dka ispitivanja\",\"potentialAction\":[{\"@type\":\"SearchAction\",\"target\":{\"@type\":\"EntryPoint\",\"urlTemplate\":\"https:\\\/\\\/clinicaltrials.rs\\\/?s={search_term_string}\"},\"query-input\":{\"@type\":\"PropertyValueSpecification\",\"valueRequired\":true,\"valueName\":\"search_term_string\"}}],\"inLanguage\":\"sr-RS\"},{\"@type\":\"Organization\",\"@id\":\"https:\\\/\\\/clinicaltrials.rs\\\/#organization\",\"name\":\"MSB Clinical Research Center\",\"alternateName\":\"Clinical Research Center\",\"url\":\"https:\\\/\\\/clinicaltrials.rs\\\/\",\"logo\":{\"@type\":\"ImageObject\",\"inLanguage\":\"sr-RS\",\"@id\":\"https:\\\/\\\/clinicaltrials.rs\\\/#\\\/schema\\\/logo\\\/image\\\/\",\"url\":\"https:\\\/\\\/clinicaltrials.rs\\\/wp-content\\\/uploads\\\/2022\\\/10\\\/Web_Logo.png\",\"contentUrl\":\"https:\\\/\\\/clinicaltrials.rs\\\/wp-content\\\/uploads\\\/2022\\\/10\\\/Web_Logo.png\",\"width\":400,\"height\":114,\"caption\":\"MSB Clinical Research Center\"},\"image\":{\"@id\":\"https:\\\/\\\/clinicaltrials.rs\\\/#\\\/schema\\\/logo\\\/image\\\/\"}}]}<\/script>\n<!-- \/ Yoast SEO plugin. -->","yoast_head_json":{"title":"Who we are - MSB Clinical Research Center","robots":{"index":"index","follow":"follow","max-snippet":"max-snippet:-1","max-image-preview":"max-image-preview:large","max-video-preview":"max-video-preview:-1"},"canonical":"https:\/\/clinicaltrials.rs\/sr\/who-we-are\/","og_locale":"sr_RS","og_type":"article","og_title":"Who we are - MSB Clinical Research Center","og_description":"Who we are? Specialized Clinical Trial facility with dedicated infrastructure and experienced researchers, committed to providing the latest treatment options to our patients. MSB Clinical Research Center is the first [&hellip;]","og_url":"https:\/\/clinicaltrials.rs\/sr\/who-we-are\/","og_site_name":"MSB Clinical Research Center","article_modified_time":"2023-06-25T14:48:34+00:00","og_image":[{"width":1920,"height":338,"url":"https:\/\/clinicaltrials.rs\/wp-content\/uploads\/2022\/12\/page-title.jpg","type":"image\/jpeg"}],"twitter_card":"summary_large_image","twitter_misc":{"\u041f\u0440\u043e\u0446\u0435\u045a\u0435\u043d\u043e \u0432\u0440\u0435\u043c\u0435 \u0447\u0438\u0442\u0430\u045a\u0430":"2 \u043c\u0438\u043d\u0443\u0442\u0430"},"schema":{"@context":"https:\/\/schema.org","@graph":[{"@type":"WebPage","@id":"https:\/\/clinicaltrials.rs\/sr\/who-we-are\/","url":"https:\/\/clinicaltrials.rs\/sr\/who-we-are\/","name":"Who we are - MSB Clinical Research Center","isPartOf":{"@id":"https:\/\/clinicaltrials.rs\/#website"},"primaryImageOfPage":{"@id":"https:\/\/clinicaltrials.rs\/sr\/who-we-are\/#primaryimage"},"image":{"@id":"https:\/\/clinicaltrials.rs\/sr\/who-we-are\/#primaryimage"},"thumbnailUrl":"https:\/\/clinicaltrials.rs\/wp-content\/uploads\/2022\/12\/page-title.jpg","datePublished":"2022-10-19T19:40:09+00:00","dateModified":"2023-06-25T14:48:34+00:00","breadcrumb":{"@id":"https:\/\/clinicaltrials.rs\/sr\/who-we-are\/#breadcrumb"},"inLanguage":"sr-RS","potentialAction":[{"@type":"ReadAction","target":["https:\/\/clinicaltrials.rs\/sr\/who-we-are\/"]}]},{"@type":"ImageObject","inLanguage":"sr-RS","@id":"https:\/\/clinicaltrials.rs\/sr\/who-we-are\/#primaryimage","url":"https:\/\/clinicaltrials.rs\/wp-content\/uploads\/2022\/12\/page-title.jpg","contentUrl":"https:\/\/clinicaltrials.rs\/wp-content\/uploads\/2022\/12\/page-title.jpg","width":1920,"height":338},{"@type":"BreadcrumbList","@id":"https:\/\/clinicaltrials.rs\/sr\/who-we-are\/#breadcrumb","itemListElement":[{"@type":"ListItem","position":1,"name":"Home","item":"https:\/\/clinicaltrials.rs\/"},{"@type":"ListItem","position":2,"name":"Who we are"}]},{"@type":"WebSite","@id":"https:\/\/clinicaltrials.rs\/#website","url":"https:\/\/clinicaltrials.rs\/","name":"MSB Centar za klini\u010dka ispitivanja","description":"Clinical Research Done Right","publisher":{"@id":"https:\/\/clinicaltrials.rs\/#organization"},"alternateName":"Centar za klini\u010dka ispitivanja","potentialAction":[{"@type":"SearchAction","target":{"@type":"EntryPoint","urlTemplate":"https:\/\/clinicaltrials.rs\/?s={search_term_string}"},"query-input":{"@type":"PropertyValueSpecification","valueRequired":true,"valueName":"search_term_string"}}],"inLanguage":"sr-RS"},{"@type":"Organization","@id":"https:\/\/clinicaltrials.rs\/#organization","name":"MSB Centar za klini\u010dka ispitivanja","alternateName":"Clinical Research Center","url":"https:\/\/clinicaltrials.rs\/","logo":{"@type":"ImageObject","inLanguage":"sr-RS","@id":"https:\/\/clinicaltrials.rs\/#\/schema\/logo\/image\/","url":"https:\/\/clinicaltrials.rs\/wp-content\/uploads\/2022\/10\/Web_Logo.png","contentUrl":"https:\/\/clinicaltrials.rs\/wp-content\/uploads\/2022\/10\/Web_Logo.png","width":400,"height":114,"caption":"MSB Clinical Research Center"},"image":{"@id":"https:\/\/clinicaltrials.rs\/#\/schema\/logo\/image\/"}}]}},"_links":{"self":[{"href":"https:\/\/clinicaltrials.rs\/sr\/wp-json\/wp\/v2\/pages\/3421","targetHints":{"allow":["GET"]}}],"collection":[{"href":"https:\/\/clinicaltrials.rs\/sr\/wp-json\/wp\/v2\/pages"}],"about":[{"href":"https:\/\/clinicaltrials.rs\/sr\/wp-json\/wp\/v2\/types\/page"}],"author":[{"embeddable":true,"href":"https:\/\/clinicaltrials.rs\/sr\/wp-json\/wp\/v2\/users\/2"}],"replies":[{"embeddable":true,"href":"https:\/\/clinicaltrials.rs\/sr\/wp-json\/wp\/v2\/comments?post=3421"}],"version-history":[{"count":0,"href":"https:\/\/clinicaltrials.rs\/sr\/wp-json\/wp\/v2\/pages\/3421\/revisions"}],"wp:featuredmedia":[{"embeddable":true,"href":"https:\/\/clinicaltrials.rs\/sr\/wp-json\/wp\/v2\/media\/4067"}],"wp:attachment":[{"href":"https:\/\/clinicaltrials.rs\/sr\/wp-json\/wp\/v2\/media?parent=3421"}],"curies":[{"name":"wp","href":"https:\/\/api.w.org\/{rel}","templated":true}]}}