{"id":3440,"date":"2022-10-19T19:47:56","date_gmt":"2022-10-19T19:47:56","guid":{"rendered":"https:\/\/clinicaltrials.allmedia.rs\/?page_id=3440"},"modified":"2022-12-27T14:30:41","modified_gmt":"2022-12-27T14:30:41","slug":"facility-equipment","status":"publish","type":"page","link":"https:\/\/clinicaltrials.rs\/sr\/facility-equipment\/","title":{"rendered":"Prostor i oprema"},"content":{"rendered":"<div data-elementor-type=\"wp-page\" data-elementor-id=\"3440\" class=\"elementor elementor-3440\">\n\t\t\t\t\t\t<section class=\"elementor-section elementor-top-section elementor-element elementor-element-1484c115 elementor-section-boxed elementor-section-height-default elementor-section-height-default\" data-id=\"1484c115\" data-element_type=\"section\" data-e-type=\"section\">\n\t\t\t\t\t\t<div class=\"elementor-container elementor-column-gap-no\">\n\t\t\t\t\t<div class=\"elementor-column elementor-col-100 elementor-top-column elementor-element elementor-element-78bec1d0\" data-id=\"78bec1d0\" data-element_type=\"column\" data-e-type=\"column\">\n\t\t\t<div class=\"elementor-widget-wrap elementor-element-populated\">\n\t\t\t\t\t\t<div class=\"elementor-element elementor-element-72f38c elementor-widget elementor-widget-laborex_future_member_content2\" data-id=\"72f38c\" data-element_type=\"widget\" data-e-type=\"widget\" data-widget_type=\"laborex_future_member_content2.default\">\n\t\t\t\t<div class=\"elementor-widget-container\">\n\t\t\t\t\t \r\n\t\t\t<div class=\"content-two\">\r\n\t\t\t\t<div class=\"text\">\r\n\t\t\t\t\t<h3>Posebno adaptirane prostorije<\/h3>\r\n\t\t\t\t\t <p>MSB Centar za klini\u010dka ispitivanja funkcioni\u0161e u okviru op\u0161te bolnice i u potpunosti je adaptiran za sprovo\u0111enje\nklini\u010dnih studija, od I do IV faze:<\/p><ul class=\"list-style-one clearfix\"><li>mogu\u0107nost no\u0107nog boravka pacijenata<\/li><li>20 bolni\u010dkih kreveta<\/li><li>4 potpuno opremljena mesta za intenzivnu negu (za studije faze I)<\/li><li>apoteka za studijske lekove<\/li><li>ambijentalni i rashladni prostor za \u010duvanje leka i uzorka, sa 24\/7 pra\u0107enjem temperature<\/li><li>posebna prostorija za studijske koordinatore i monitore<\/li><\/ul>\t\t\t\t<\/div>\r\n\t\t\t\t<div class=\"image-box clearfix\">\r\n\t\t\t\t\t\t\t\t\t\t\t<figure class=\"image\">\r\n\t\t\t\t\t\t\t<img decoding=\"async\" width=\"250\" height=\"168\" src=\"https:\/\/clinicaltrials.rs\/wp-content\/uploads\/2022\/11\/Facility1.jpg\" class=\"attachment-full size-full\" alt=\"\" \/>\t\t\t\t<\/figure> \r\n\t\t\t\t\t\t\t\t\t<figure class=\"image\">\r\n\t\t\t\t\t\t\t<img decoding=\"async\" width=\"250\" height=\"167\" src=\"https:\/\/clinicaltrials.rs\/wp-content\/uploads\/2022\/11\/Facility2.jpg\" class=\"attachment-full size-full\" alt=\"\" \/>\t\t\t\t<\/figure> \r\n\t\t\t\t\t\t\t\t\t<figure class=\"image\">\r\n\t\t\t\t\t\t\t<img decoding=\"async\" width=\"250\" height=\"162\" src=\"https:\/\/clinicaltrials.rs\/wp-content\/uploads\/2022\/11\/Facility3.jpg\" class=\"attachment-full size-full\" alt=\"\" \/>\t\t\t\t<\/figure> \r\n\t\t\t\t \r\n\t\t\t\t\t\t\t\t\t\t\t\t\r\n\t\t\t\t<\/div>\r\n\t\t\t<\/div> \r\n\t\t\t\t\t\t<\/div>\n\t\t\t\t<\/div>\n\t\t\t\t<div class=\"elementor-element elementor-element-e20940f elementor-widget elementor-widget-laborex_future_member_content2\" data-id=\"e20940f\" data-element_type=\"widget\" data-e-type=\"widget\" data-widget_type=\"laborex_future_member_content2.default\">\n\t\t\t\t<div class=\"elementor-widget-container\">\n\t\t\t\t\t \r\n\t\t\t<div class=\"content-two\">\r\n\t\t\t\t<div class=\"text\">\r\n\t\t\t\t\t<h3>Sertifikovana medicinska oprema<\/h3>\r\n\t\t\t\t\t <p>Na\u0161 Centar je opremljen za izvo\u0111enje \u0161irokog spektra klini\u010dkih ispitivanja:<\/p><ul class=\"list-style-one clearfix\"><li>EKG i pacijent-monitori<\/li><li>Vage i instrumenti za merenje visine i telesne mase<\/li><li>Oksimetri, manometri, termometri i ostala rutinska oprema<\/li><li>Centrifuge i POC-analizatori<\/li><\/ul>\t\t\t\t<\/div>\r\n\t\t\t\t<div class=\"image-box clearfix\">\r\n\t\t\t\t\t\t\t\t\t\t\t<figure class=\"image\">\r\n\t\t\t\t\t\t\t<img loading=\"lazy\" decoding=\"async\" width=\"250\" height=\"167\" src=\"https:\/\/clinicaltrials.rs\/wp-content\/uploads\/2022\/11\/Certifiedmedical1.jpg\" class=\"attachment-full size-full\" alt=\"\" \/>\t\t\t\t<\/figure> \r\n\t\t\t\t\t\t\t\t\t<figure class=\"image\">\r\n\t\t\t\t\t\t\t<img loading=\"lazy\" decoding=\"async\" width=\"250\" height=\"166\" src=\"https:\/\/clinicaltrials.rs\/wp-content\/uploads\/2022\/11\/Certifiedmedical2.jpg\" class=\"attachment-full size-full\" alt=\"\" \/>\t\t\t\t<\/figure> \r\n\t\t\t\t\t\t\t\t\t<figure class=\"image\">\r\n\t\t\t\t\t\t\t<img loading=\"lazy\" decoding=\"async\" width=\"250\" height=\"166\" src=\"https:\/\/clinicaltrials.rs\/wp-content\/uploads\/2022\/11\/Certifiedmedical3.jpg\" class=\"attachment-full size-full\" alt=\"\" \/>\t\t\t\t<\/figure> \r\n\t\t\t\t \r\n\t\t\t\t\t\t\t\t\t\t\t\t\r\n\t\t\t\t<\/div>\r\n\t\t\t<\/div> \r\n\t\t\t\t\t\t<\/div>\n\t\t\t\t<\/div>\n\t\t\t\t<div class=\"elementor-element elementor-element-3217650 elementor-widget elementor-widget-laborex_future_member_content2\" data-id=\"3217650\" data-element_type=\"widget\" data-e-type=\"widget\" data-widget_type=\"laborex_future_member_content2.default\">\n\t\t\t\t<div class=\"elementor-widget-container\">\n\t\t\t\t\t \r\n\t\t\t<div class=\"content-two\">\r\n\t\t\t\t<div class=\"text\">\r\n\t\t\t\t\t<h3>Stru\u010dno osoblje<\/h3>\r\n\t\t\t\t\t <p>Upo\u0161ljavamo istaknute medicinske stru\u010dnjake i obu\u010deno istra\u017eiva\u010dko osoblje:<\/p><ul class=\"list-style-one clearfix\"><li>Lekarski tim za intenzivnu negu pacijenata<\/li><li>Uvek dostupni lekari, sestre i ambulanta<\/li><li>Stalno zaposlene studijske sestre i koordinatori<\/li><li>GCP i IATA sertifikovano istra\u017eiva\u010dko osoblje<\/li><\/ul>\t\t\t\t<\/div>\r\n\t\t\t\t<div class=\"image-box clearfix\">\r\n\t\t\t\t\t\t\t\t\t\t\t<figure class=\"image\">\r\n\t\t\t\t\t\t\t<img loading=\"lazy\" decoding=\"async\" width=\"250\" height=\"167\" src=\"https:\/\/clinicaltrials.rs\/wp-content\/uploads\/2022\/12\/Experiencedstaff_1-1.jpg\" class=\"attachment-full size-full\" alt=\"\" srcset=\"https:\/\/clinicaltrials.rs\/wp-content\/uploads\/2022\/12\/Experiencedstaff_1-1.jpg 250w, https:\/\/clinicaltrials.rs\/wp-content\/uploads\/2022\/12\/Experiencedstaff_1-1-18x12.jpg 18w\" sizes=\"(max-width: 250px) 100vw, 250px\" \/>\t\t\t\t<\/figure> \r\n\t\t\t\t\t\t\t\t\t<figure class=\"image\">\r\n\t\t\t\t\t\t\t<img loading=\"lazy\" decoding=\"async\" width=\"250\" height=\"167\" src=\"https:\/\/clinicaltrials.rs\/wp-content\/uploads\/2022\/12\/Experiencedstaff_2-1.jpg\" class=\"attachment-full size-full\" alt=\"\" srcset=\"https:\/\/clinicaltrials.rs\/wp-content\/uploads\/2022\/12\/Experiencedstaff_2-1.jpg 250w, https:\/\/clinicaltrials.rs\/wp-content\/uploads\/2022\/12\/Experiencedstaff_2-1-18x12.jpg 18w\" sizes=\"(max-width: 250px) 100vw, 250px\" \/>\t\t\t\t<\/figure> \r\n\t\t\t\t\t\t\t\t\t<figure class=\"image\">\r\n\t\t\t\t\t\t\t<img loading=\"lazy\" decoding=\"async\" width=\"250\" height=\"167\" src=\"https:\/\/clinicaltrials.rs\/wp-content\/uploads\/2022\/12\/Experiencedstaff_3.jpg\" class=\"attachment-full size-full\" alt=\"\" srcset=\"https:\/\/clinicaltrials.rs\/wp-content\/uploads\/2022\/12\/Experiencedstaff_3.jpg 250w, https:\/\/clinicaltrials.rs\/wp-content\/uploads\/2022\/12\/Experiencedstaff_3-18x12.jpg 18w\" sizes=\"(max-width: 250px) 100vw, 250px\" \/>\t\t\t\t<\/figure> \r\n\t\t\t\t \r\n\t\t\t\t\t\t\t\t\t\t\t\t\r\n\t\t\t\t<\/div>\r\n\t\t\t<\/div> \r\n\t\t\t\t\t\t<\/div>\n\t\t\t\t<\/div>\n\t\t\t\t<div class=\"elementor-element elementor-element-2948ec2 elementor-widget elementor-widget-laborex_future_member_content2\" data-id=\"2948ec2\" data-element_type=\"widget\" data-e-type=\"widget\" data-widget_type=\"laborex_future_member_content2.default\">\n\t\t\t\t<div class=\"elementor-widget-container\">\n\t\t\t\t\t \r\n\t\t\t<div class=\"content-two\">\r\n\t\t\t\t<div class=\"text\">\r\n\t\t\t\t\t<h3>Najmoderniji dijagnosti\u010dki ure\u0111aji<\/h3>\r\n\t\t\t\t\t <p>Na raspolaganju nam je vi\u0161e vrhunskih dijagnosti\u010dkih tehnika:<\/p><ul class=\"list-style-one clearfix\"><li>On-site ultrazvuk i Rendgen aparat<\/li><li>Off-site aparati za magnetnu rezonancu (MRI) i kompjutersku tomografiju (CT)<\/li><\/ul>\t\t\t\t<\/div>\r\n\t\t\t\t<div class=\"image-box clearfix\">\r\n\t\t\t\t\t\t\t\t\t\t\t<figure class=\"image\">\r\n\t\t\t\t\t\t\t<img loading=\"lazy\" decoding=\"async\" width=\"250\" height=\"167\" src=\"https:\/\/clinicaltrials.rs\/wp-content\/uploads\/2022\/11\/Imaging1.jpg\" class=\"attachment-full size-full\" alt=\"\" \/>\t\t\t\t<\/figure> \r\n\t\t\t\t\t\t\t\t\t<figure class=\"image\">\r\n\t\t\t\t\t\t\t<img loading=\"lazy\" decoding=\"async\" width=\"250\" height=\"166\" src=\"https:\/\/clinicaltrials.rs\/wp-content\/uploads\/2022\/11\/Imaging2.jpg\" class=\"attachment-full size-full\" alt=\"\" \/>\t\t\t\t<\/figure> \r\n\t\t\t\t\t\t\t\t\t<figure class=\"image\">\r\n\t\t\t\t\t\t\t<img loading=\"lazy\" decoding=\"async\" width=\"250\" height=\"166\" src=\"https:\/\/clinicaltrials.rs\/wp-content\/uploads\/2022\/11\/Imaging3.jpg\" class=\"attachment-full size-full\" alt=\"\" \/>\t\t\t\t<\/figure> \r\n\t\t\t\t \r\n\t\t\t\t\t\t\t\t\t\t\t\t\r\n\t\t\t\t<\/div>\r\n\t\t\t<\/div> \r\n\t\t\t\t\t\t<\/div>\n\t\t\t\t<\/div>\n\t\t\t\t<div class=\"elementor-element elementor-element-0b56c6f elementor-widget elementor-widget-laborex_future_member_content2\" data-id=\"0b56c6f\" data-element_type=\"widget\" data-e-type=\"widget\" data-widget_type=\"laborex_future_member_content2.default\">\n\t\t\t\t<div class=\"elementor-widget-container\">\n\t\t\t\t\t \r\n\t\t\t<div class=\"content-two\">\r\n\t\t\t\t<div class=\"text\">\r\n\t\t\t\t\t<h3>Laboratorija<\/h3>\r\n\t\t\t\t\t <p>Kombinuju\u0107i resurse na\u0161e laboratorije i drugih sertifikovanih laboratorija sa kojima sara\u0111ujemo, pokrivamo \u0161irok\nasortiman laboratorijskih analiza:<\/p><ul class=\"list-style-one clearfix\"><li>On-site laboratorija za rutinske analize<\/li><li>Off-site sertifikovane laboratorije za razli\u010dite specijalizovane testove<\/li><\/ul>\t\t\t\t<\/div>\r\n\t\t\t\t<div class=\"image-box clearfix\">\r\n\t\t\t\t\t\t\t\t\t\t\t<figure class=\"image\">\r\n\t\t\t\t\t\t\t<img loading=\"lazy\" decoding=\"async\" width=\"250\" height=\"167\" src=\"https:\/\/clinicaltrials.rs\/wp-content\/uploads\/2022\/11\/laboratory1.jpg\" class=\"attachment-full size-full\" alt=\"\" \/>\t\t\t\t<\/figure> \r\n\t\t\t\t\t\t\t\t\t<figure class=\"image\">\r\n\t\t\t\t\t\t\t<img loading=\"lazy\" decoding=\"async\" width=\"250\" height=\"166\" src=\"https:\/\/clinicaltrials.rs\/wp-content\/uploads\/2022\/11\/laboratory2.jpg\" class=\"attachment-full size-full\" alt=\"\" \/>\t\t\t\t<\/figure> \r\n\t\t\t\t\t\t\t\t\t<figure class=\"image\">\r\n\t\t\t\t\t\t\t<img loading=\"lazy\" decoding=\"async\" width=\"250\" height=\"166\" src=\"https:\/\/clinicaltrials.rs\/wp-content\/uploads\/2022\/11\/laboratory3.jpg\" class=\"attachment-full size-full\" alt=\"\" \/>\t\t\t\t<\/figure> \r\n\t\t\t\t \r\n\t\t\t\t\t\t\t\t\t\t\t\t\r\n\t\t\t\t<\/div>\r\n\t\t\t<\/div> \r\n\t\t\t\t\t\t<\/div>\n\t\t\t\t<\/div>\n\t\t\t\t<div class=\"elementor-element elementor-element-b996856 elementor-widget elementor-widget-laborex_future_member_content2\" data-id=\"b996856\" data-element_type=\"widget\" data-e-type=\"widget\" data-widget_type=\"laborex_future_member_content2.default\">\n\t\t\t\t<div class=\"elementor-widget-container\">\n\t\t\t\t\t \r\n\t\t\t<div class=\"content-two\">\r\n\t\t\t\t<div class=\"text\">\r\n\t\t\t\t\t<h3>Pouzdan sistem sakupljanja podataka<\/h3>\r\n\t\t\t\t\t <p>Na\u0161 Centar je tehni\u010dki opremljen da prikupi i pru\u017ei pouzdane podatke, dok uspeva da sa\u010duva privatnost pacijenata kao\nprioritet:<\/p><ul class=\"list-style-one clearfix\"><li>Arhivni ormari\u0107i sa ograni\u010denim i kontrolisanim pristupom<\/li><li>Stabilna Wi-Fi i kablovska internet konekcija, velikog protoka<\/li><li>Pouzdana ra\u010dunarska mre\u017ea<\/li><\/ul>\t\t\t\t<\/div>\r\n\t\t\t\t<div class=\"image-box clearfix\">\r\n\t\t\t\t\t\t\t\t\t\t\t<figure class=\"image\">\r\n\t\t\t\t\t\t\t<img loading=\"lazy\" decoding=\"async\" width=\"250\" height=\"167\" src=\"https:\/\/clinicaltrials.rs\/wp-content\/uploads\/2022\/12\/Datacollection1.jpg\" class=\"attachment-full size-full\" alt=\"\" srcset=\"https:\/\/clinicaltrials.rs\/wp-content\/uploads\/2022\/12\/Datacollection1.jpg 250w, https:\/\/clinicaltrials.rs\/wp-content\/uploads\/2022\/12\/Datacollection1-18x12.jpg 18w\" sizes=\"(max-width: 250px) 100vw, 250px\" \/>\t\t\t\t<\/figure> \r\n\t\t\t\t\t\t\t\t\t<figure class=\"image\">\r\n\t\t\t\t\t\t\t<img loading=\"lazy\" decoding=\"async\" width=\"250\" height=\"167\" src=\"https:\/\/clinicaltrials.rs\/wp-content\/uploads\/2022\/12\/Datacollection_2.jpg\" class=\"attachment-full size-full\" alt=\"\" srcset=\"https:\/\/clinicaltrials.rs\/wp-content\/uploads\/2022\/12\/Datacollection_2.jpg 250w, https:\/\/clinicaltrials.rs\/wp-content\/uploads\/2022\/12\/Datacollection_2-18x12.jpg 18w\" sizes=\"(max-width: 250px) 100vw, 250px\" \/>\t\t\t\t<\/figure> \r\n\t\t\t\t\t\t\t\t\t<figure class=\"image\">\r\n\t\t\t\t\t\t\t<img loading=\"lazy\" decoding=\"async\" width=\"250\" height=\"167\" src=\"https:\/\/clinicaltrials.rs\/wp-content\/uploads\/2022\/12\/Datacollection_3.jpg\" class=\"attachment-full size-full\" alt=\"\" srcset=\"https:\/\/clinicaltrials.rs\/wp-content\/uploads\/2022\/12\/Datacollection_3.jpg 250w, https:\/\/clinicaltrials.rs\/wp-content\/uploads\/2022\/12\/Datacollection_3-18x12.jpg 18w\" sizes=\"(max-width: 250px) 100vw, 250px\" \/>\t\t\t\t<\/figure> \r\n\t\t\t\t \r\n\t\t\t\t\t\t\t\t\t\t\t\t\r\n\t\t\t\t<\/div>\r\n\t\t\t<\/div> \r\n\t\t\t\t\t\t<\/div>\n\t\t\t\t<\/div>\n\t\t\t\t\t<\/div>\n\t\t<\/div>\n\t\t\t\t\t<\/div>\n\t\t<\/section>\n\t\t\t\t<\/div>","protected":false},"excerpt":{"rendered":"<p>Facility MSB Clinical Research Center operates within the general hospital and is completely equipped to perform trials from phase I to IV: Overnight stay capacity 20 hospital beds 4 fully [&hellip;]<\/p>\n","protected":false},"author":2,"featured_media":4067,"parent":0,"menu_order":0,"comment_status":"closed","ping_status":"closed","template":"","meta":{"footnotes":""},"class_list":["post-3440","page","type-page","status-publish","has-post-thumbnail","hentry"],"yoast_head":"<!-- This site is optimized with the Yoast SEO plugin v27.4 - https:\/\/yoast.com\/product\/yoast-seo-wordpress\/ -->\n<title>Medical System Belgrade Clinical Trials | Facility and Equipment<\/title>\n<meta name=\"description\" content=\"Medical System Belgrade Clinical Research Center, specialized and certified study center in Balkan. Equipped for trials from phase I-IV\" \/>\n<meta name=\"robots\" content=\"index, follow, max-snippet:-1, max-image-preview:large, max-video-preview:-1\" \/>\n<link rel=\"canonical\" href=\"https:\/\/clinicaltrials.rs\/sr\/facility-equipment\/\" \/>\n<meta property=\"og:locale\" content=\"sr_RS\" \/>\n<meta property=\"og:type\" content=\"article\" \/>\n<meta property=\"og:title\" content=\"Medical System Belgrade Clinical Trials | Facility and Equipment\" \/>\n<meta property=\"og:description\" content=\"Medical System Belgrade Clinical Research Center, specialized and certified study center in Balkan. Equipped for trials from phase I-IV\" \/>\n<meta property=\"og:url\" content=\"https:\/\/clinicaltrials.rs\/sr\/facility-equipment\/\" \/>\n<meta property=\"og:site_name\" content=\"MSB Clinical Research Center\" \/>\n<meta property=\"article:modified_time\" content=\"2022-12-27T14:30:41+00:00\" \/>\n<meta property=\"og:image\" content=\"https:\/\/clinicaltrials.rs\/wp-content\/uploads\/2022\/12\/page-title.jpg\" \/>\n\t<meta property=\"og:image:width\" content=\"1920\" \/>\n\t<meta property=\"og:image:height\" content=\"338\" \/>\n\t<meta property=\"og:image:type\" content=\"image\/jpeg\" \/>\n<meta name=\"twitter:card\" content=\"summary_large_image\" \/>\n<meta name=\"twitter:label1\" content=\"\u041f\u0440\u043e\u0446\u0435\u045a\u0435\u043d\u043e \u0432\u0440\u0435\u043c\u0435 \u0447\u0438\u0442\u0430\u045a\u0430\" \/>\n\t<meta name=\"twitter:data1\" content=\"5 \u043c\u0438\u043d\u0443\u0442\u0430\" \/>\n<script type=\"application\/ld+json\" class=\"yoast-schema-graph\">{\"@context\":\"https:\\\/\\\/schema.org\",\"@graph\":[{\"@type\":\"WebPage\",\"@id\":\"https:\\\/\\\/clinicaltrials.rs\\\/facility-equipment\\\/\",\"url\":\"https:\\\/\\\/clinicaltrials.rs\\\/facility-equipment\\\/\",\"name\":\"Medical System Belgrade Clinical Trials | Facility and Equipment\",\"isPartOf\":{\"@id\":\"https:\\\/\\\/clinicaltrials.rs\\\/#website\"},\"primaryImageOfPage\":{\"@id\":\"https:\\\/\\\/clinicaltrials.rs\\\/facility-equipment\\\/#primaryimage\"},\"image\":{\"@id\":\"https:\\\/\\\/clinicaltrials.rs\\\/facility-equipment\\\/#primaryimage\"},\"thumbnailUrl\":\"https:\\\/\\\/clinicaltrials.rs\\\/wp-content\\\/uploads\\\/2022\\\/12\\\/page-title.jpg\",\"datePublished\":\"2022-10-19T19:47:56+00:00\",\"dateModified\":\"2022-12-27T14:30:41+00:00\",\"description\":\"Medical System Belgrade Clinical Research Center, specialized and certified study center in Balkan. Equipped for trials from phase I-IV\",\"breadcrumb\":{\"@id\":\"https:\\\/\\\/clinicaltrials.rs\\\/facility-equipment\\\/#breadcrumb\"},\"inLanguage\":\"sr-RS\",\"potentialAction\":[{\"@type\":\"ReadAction\",\"target\":[\"https:\\\/\\\/clinicaltrials.rs\\\/facility-equipment\\\/\"]}]},{\"@type\":\"ImageObject\",\"inLanguage\":\"sr-RS\",\"@id\":\"https:\\\/\\\/clinicaltrials.rs\\\/facility-equipment\\\/#primaryimage\",\"url\":\"https:\\\/\\\/clinicaltrials.rs\\\/wp-content\\\/uploads\\\/2022\\\/12\\\/page-title.jpg\",\"contentUrl\":\"https:\\\/\\\/clinicaltrials.rs\\\/wp-content\\\/uploads\\\/2022\\\/12\\\/page-title.jpg\",\"width\":1920,\"height\":338},{\"@type\":\"BreadcrumbList\",\"@id\":\"https:\\\/\\\/clinicaltrials.rs\\\/facility-equipment\\\/#breadcrumb\",\"itemListElement\":[{\"@type\":\"ListItem\",\"position\":1,\"name\":\"Home\",\"item\":\"https:\\\/\\\/clinicaltrials.rs\\\/\"},{\"@type\":\"ListItem\",\"position\":2,\"name\":\"Facility and Equipment\"}]},{\"@type\":\"WebSite\",\"@id\":\"https:\\\/\\\/clinicaltrials.rs\\\/#website\",\"url\":\"https:\\\/\\\/clinicaltrials.rs\\\/\",\"name\":\"MSB Clinical Research Center\",\"description\":\"Clinical Research Done Right\",\"publisher\":{\"@id\":\"https:\\\/\\\/clinicaltrials.rs\\\/#organization\"},\"alternateName\":\"Centar za klini\u010dka ispitivanja\",\"potentialAction\":[{\"@type\":\"SearchAction\",\"target\":{\"@type\":\"EntryPoint\",\"urlTemplate\":\"https:\\\/\\\/clinicaltrials.rs\\\/?s={search_term_string}\"},\"query-input\":{\"@type\":\"PropertyValueSpecification\",\"valueRequired\":true,\"valueName\":\"search_term_string\"}}],\"inLanguage\":\"sr-RS\"},{\"@type\":\"Organization\",\"@id\":\"https:\\\/\\\/clinicaltrials.rs\\\/#organization\",\"name\":\"MSB Clinical Research Center\",\"alternateName\":\"Clinical Research Center\",\"url\":\"https:\\\/\\\/clinicaltrials.rs\\\/\",\"logo\":{\"@type\":\"ImageObject\",\"inLanguage\":\"sr-RS\",\"@id\":\"https:\\\/\\\/clinicaltrials.rs\\\/#\\\/schema\\\/logo\\\/image\\\/\",\"url\":\"https:\\\/\\\/clinicaltrials.rs\\\/wp-content\\\/uploads\\\/2022\\\/10\\\/Web_Logo.png\",\"contentUrl\":\"https:\\\/\\\/clinicaltrials.rs\\\/wp-content\\\/uploads\\\/2022\\\/10\\\/Web_Logo.png\",\"width\":400,\"height\":114,\"caption\":\"MSB Clinical Research Center\"},\"image\":{\"@id\":\"https:\\\/\\\/clinicaltrials.rs\\\/#\\\/schema\\\/logo\\\/image\\\/\"}}]}<\/script>\n<!-- \/ Yoast SEO plugin. -->","yoast_head_json":{"title":"Medical System Belgrade Clinical Trials | Facility and Equipment","description":"Medical System Belgrade Clinical Research Center, specialized and certified study center in Balkan. Equipped for trials from phase I-IV","robots":{"index":"index","follow":"follow","max-snippet":"max-snippet:-1","max-image-preview":"max-image-preview:large","max-video-preview":"max-video-preview:-1"},"canonical":"https:\/\/clinicaltrials.rs\/sr\/facility-equipment\/","og_locale":"sr_RS","og_type":"article","og_title":"Medical System Belgrade Clinical Trials | Facility and Equipment","og_description":"Medical System Belgrade Clinical Research Center, specialized and certified study center in Balkan. Equipped for trials from phase I-IV","og_url":"https:\/\/clinicaltrials.rs\/sr\/facility-equipment\/","og_site_name":"MSB Clinical Research Center","article_modified_time":"2022-12-27T14:30:41+00:00","og_image":[{"width":1920,"height":338,"url":"https:\/\/clinicaltrials.rs\/wp-content\/uploads\/2022\/12\/page-title.jpg","type":"image\/jpeg"}],"twitter_card":"summary_large_image","twitter_misc":{"\u041f\u0440\u043e\u0446\u0435\u045a\u0435\u043d\u043e \u0432\u0440\u0435\u043c\u0435 \u0447\u0438\u0442\u0430\u045a\u0430":"5 \u043c\u0438\u043d\u0443\u0442\u0430"},"schema":{"@context":"https:\/\/schema.org","@graph":[{"@type":"WebPage","@id":"https:\/\/clinicaltrials.rs\/facility-equipment\/","url":"https:\/\/clinicaltrials.rs\/facility-equipment\/","name":"Medical System Belgrade Clinical Trials | Facility and Equipment","isPartOf":{"@id":"https:\/\/clinicaltrials.rs\/#website"},"primaryImageOfPage":{"@id":"https:\/\/clinicaltrials.rs\/facility-equipment\/#primaryimage"},"image":{"@id":"https:\/\/clinicaltrials.rs\/facility-equipment\/#primaryimage"},"thumbnailUrl":"https:\/\/clinicaltrials.rs\/wp-content\/uploads\/2022\/12\/page-title.jpg","datePublished":"2022-10-19T19:47:56+00:00","dateModified":"2022-12-27T14:30:41+00:00","description":"Medical System Belgrade Clinical Research Center, specialized and certified study center in Balkan. Equipped for trials from phase I-IV","breadcrumb":{"@id":"https:\/\/clinicaltrials.rs\/facility-equipment\/#breadcrumb"},"inLanguage":"sr-RS","potentialAction":[{"@type":"ReadAction","target":["https:\/\/clinicaltrials.rs\/facility-equipment\/"]}]},{"@type":"ImageObject","inLanguage":"sr-RS","@id":"https:\/\/clinicaltrials.rs\/facility-equipment\/#primaryimage","url":"https:\/\/clinicaltrials.rs\/wp-content\/uploads\/2022\/12\/page-title.jpg","contentUrl":"https:\/\/clinicaltrials.rs\/wp-content\/uploads\/2022\/12\/page-title.jpg","width":1920,"height":338},{"@type":"BreadcrumbList","@id":"https:\/\/clinicaltrials.rs\/facility-equipment\/#breadcrumb","itemListElement":[{"@type":"ListItem","position":1,"name":"Home","item":"https:\/\/clinicaltrials.rs\/"},{"@type":"ListItem","position":2,"name":"Facility and Equipment"}]},{"@type":"WebSite","@id":"https:\/\/clinicaltrials.rs\/#website","url":"https:\/\/clinicaltrials.rs\/","name":"MSB Centar za klini\u010dka ispitivanja","description":"Clinical Research Done Right","publisher":{"@id":"https:\/\/clinicaltrials.rs\/#organization"},"alternateName":"Centar za klini\u010dka ispitivanja","potentialAction":[{"@type":"SearchAction","target":{"@type":"EntryPoint","urlTemplate":"https:\/\/clinicaltrials.rs\/?s={search_term_string}"},"query-input":{"@type":"PropertyValueSpecification","valueRequired":true,"valueName":"search_term_string"}}],"inLanguage":"sr-RS"},{"@type":"Organization","@id":"https:\/\/clinicaltrials.rs\/#organization","name":"MSB Centar za klini\u010dka ispitivanja","alternateName":"Clinical Research Center","url":"https:\/\/clinicaltrials.rs\/","logo":{"@type":"ImageObject","inLanguage":"sr-RS","@id":"https:\/\/clinicaltrials.rs\/#\/schema\/logo\/image\/","url":"https:\/\/clinicaltrials.rs\/wp-content\/uploads\/2022\/10\/Web_Logo.png","contentUrl":"https:\/\/clinicaltrials.rs\/wp-content\/uploads\/2022\/10\/Web_Logo.png","width":400,"height":114,"caption":"MSB Clinical Research Center"},"image":{"@id":"https:\/\/clinicaltrials.rs\/#\/schema\/logo\/image\/"}}]}},"_links":{"self":[{"href":"https:\/\/clinicaltrials.rs\/sr\/wp-json\/wp\/v2\/pages\/3440","targetHints":{"allow":["GET"]}}],"collection":[{"href":"https:\/\/clinicaltrials.rs\/sr\/wp-json\/wp\/v2\/pages"}],"about":[{"href":"https:\/\/clinicaltrials.rs\/sr\/wp-json\/wp\/v2\/types\/page"}],"author":[{"embeddable":true,"href":"https:\/\/clinicaltrials.rs\/sr\/wp-json\/wp\/v2\/users\/2"}],"replies":[{"embeddable":true,"href":"https:\/\/clinicaltrials.rs\/sr\/wp-json\/wp\/v2\/comments?post=3440"}],"version-history":[{"count":0,"href":"https:\/\/clinicaltrials.rs\/sr\/wp-json\/wp\/v2\/pages\/3440\/revisions"}],"wp:featuredmedia":[{"embeddable":true,"href":"https:\/\/clinicaltrials.rs\/sr\/wp-json\/wp\/v2\/media\/4067"}],"wp:attachment":[{"href":"https:\/\/clinicaltrials.rs\/sr\/wp-json\/wp\/v2\/media?parent=3440"}],"curies":[{"name":"wp","href":"https:\/\/api.w.org\/{rel}","templated":true}]}}