{"id":3453,"date":"2022-10-19T19:51:11","date_gmt":"2022-10-19T19:51:11","guid":{"rendered":"https:\/\/clinicaltrials.allmedia.rs\/?page_id=3453"},"modified":"2022-12-27T13:41:20","modified_gmt":"2022-12-27T13:41:20","slug":"studies-areas","status":"publish","type":"page","link":"https:\/\/clinicaltrials.rs\/sr\/studies-areas\/","title":{"rendered":"Studije (oblasti)"},"content":{"rendered":"<div data-elementor-type=\"wp-page\" data-elementor-id=\"3453\" class=\"elementor elementor-3453\">\n\t\t\t\t\t\t<section class=\"elementor-section elementor-top-section elementor-element elementor-element-7c561e73 elementor-section-boxed elementor-section-height-default elementor-section-height-default\" data-id=\"7c561e73\" data-element_type=\"section\" data-e-type=\"section\">\n\t\t\t\t\t\t<div class=\"elementor-container elementor-column-gap-no\">\n\t\t\t\t\t<div class=\"elementor-column elementor-col-100 elementor-top-column elementor-element elementor-element-8760896\" data-id=\"8760896\" data-element_type=\"column\" data-e-type=\"column\">\n\t\t\t<div class=\"elementor-widget-wrap elementor-element-populated\">\n\t\t\t\t\t\t<div class=\"elementor-element elementor-element-6248c410 elementor-widget elementor-widget-laborex_future_member_content1\" data-id=\"6248c410\" data-element_type=\"widget\" data-e-type=\"widget\" data-widget_type=\"laborex_future_member_content1.default\">\n\t\t\t\t<div class=\"elementor-widget-container\">\n\t\t\t\t\t \r\n\t\t<div class=\"content-one\">\r\n\t\t\t<div class=\"text\">\r\n\t\t\t\t<h3>Studijske oblasti<\/h3>\r\n\t\t\t\t<p class=\"translation-block\">MSB Centar za klini\u010dka ispitivanja je adekvatno opremljen za sprovo\u0111enje studija razli\u010ditih\nmedicinskih grana, uklju\u010duju\u0107i neurologiju, kardiologiju, endokrinologiju, hematologiju,\nonkologiju, pulmologiju, ginekologiju i aku\u0161erstvo, nefrologiju, psihijatriju, alergologiju,\nimunologiju, dermatologiju, oftalmologiju, pedijatriju, urologiju, reumatologiju, hirurgiju i\nsportsku medicinu, kao studije koje se ti\u010du medicinskih pomagala, humanog metabolizma i\ndrugo.<\/p>\t\t\t<\/div>\r\n\t\t\t<figure class=\"image\">\r\n\t\t\t\t<div class=\"shape rotate-me\" style=\"background-image: url(https:\/\/clinicaltrials.rs\/wp-content\/uploads\/2021\/05\/shape-58.png);\"><\/div>\r\n\t\t\t\t<img fetchpriority=\"high\" decoding=\"async\" width=\"770\" height=\"466\" src=\"https:\/\/clinicaltrials.rs\/wp-content\/uploads\/2022\/11\/Studiesareas1.jpg\" class=\"attachment-full size-full\" alt=\"\" srcset=\"https:\/\/clinicaltrials.rs\/wp-content\/uploads\/2022\/11\/Studiesareas1.jpg 770w, https:\/\/clinicaltrials.rs\/wp-content\/uploads\/2022\/11\/Studiesareas1-300x182.jpg 300w, https:\/\/clinicaltrials.rs\/wp-content\/uploads\/2022\/11\/Studiesareas1-768x465.jpg 768w\" sizes=\"(max-width: 770px) 100vw, 770px\" \/>\t\t\t<\/figure>\r\n\t\t<\/div> \r\n\t\t\t\t\t\t<\/div>\n\t\t\t\t<\/div>\n\t\t\t\t\t<\/div>\n\t\t<\/div>\n\t\t\t\t\t<\/div>\n\t\t<\/section>\n\t\t\t\t<\/div>","protected":false},"excerpt":{"rendered":"<p>Studies (areas) We are equipped to cover wide range of medical fields, including Neurology, Gastroenterology, Haematology, Oncology, Pulmonology, Obstetrics &amp; Gynaecology, Nephrology, Psychiatry, Endocrinology, Cardiology, Allergology, Immunology, Dermatology, Ophthalmology, Paediatrics, [&hellip;]<\/p>\n","protected":false},"author":2,"featured_media":4067,"parent":0,"menu_order":0,"comment_status":"closed","ping_status":"closed","template":"","meta":{"footnotes":""},"class_list":["post-3453","page","type-page","status-publish","has-post-thumbnail","hentry"],"yoast_head":"<!-- This site is optimized with the Yoast SEO plugin v27.4 - https:\/\/yoast.com\/product\/yoast-seo-wordpress\/ -->\n<title>Studies (Areas) - MSB Clinical Research Center<\/title>\n<meta name=\"robots\" content=\"index, follow, max-snippet:-1, max-image-preview:large, max-video-preview:-1\" \/>\n<link rel=\"canonical\" href=\"https:\/\/clinicaltrials.rs\/sr\/studies-areas\/\" \/>\n<meta property=\"og:locale\" content=\"sr_RS\" \/>\n<meta property=\"og:type\" content=\"article\" \/>\n<meta property=\"og:title\" content=\"Studies (Areas) - MSB Clinical Research Center\" \/>\n<meta property=\"og:description\" content=\"Studies (areas) We are equipped to cover wide range of medical fields, including Neurology, Gastroenterology, Haematology, Oncology, Pulmonology, Obstetrics &amp; Gynaecology, Nephrology, Psychiatry, Endocrinology, Cardiology, Allergology, Immunology, Dermatology, Ophthalmology, Paediatrics, [&hellip;]\" \/>\n<meta property=\"og:url\" content=\"https:\/\/clinicaltrials.rs\/sr\/studies-areas\/\" \/>\n<meta property=\"og:site_name\" content=\"MSB Clinical Research Center\" \/>\n<meta property=\"article:modified_time\" content=\"2022-12-27T13:41:20+00:00\" \/>\n<meta property=\"og:image\" content=\"https:\/\/clinicaltrials.rs\/wp-content\/uploads\/2022\/12\/page-title.jpg\" \/>\n\t<meta property=\"og:image:width\" content=\"1920\" \/>\n\t<meta property=\"og:image:height\" content=\"338\" \/>\n\t<meta property=\"og:image:type\" content=\"image\/jpeg\" \/>\n<meta name=\"twitter:card\" content=\"summary_large_image\" \/>\n<meta name=\"twitter:label1\" content=\"\u041f\u0440\u043e\u0446\u0435\u045a\u0435\u043d\u043e \u0432\u0440\u0435\u043c\u0435 \u0447\u0438\u0442\u0430\u045a\u0430\" \/>\n\t<meta name=\"twitter:data1\" content=\"1 \u043c\u0438\u043d\u0443\u0442\" \/>\n<script type=\"application\/ld+json\" class=\"yoast-schema-graph\">{\"@context\":\"https:\\\/\\\/schema.org\",\"@graph\":[{\"@type\":\"WebPage\",\"@id\":\"https:\\\/\\\/clinicaltrials.rs\\\/studies-areas\\\/\",\"url\":\"https:\\\/\\\/clinicaltrials.rs\\\/studies-areas\\\/\",\"name\":\"Studies (Areas) - MSB Clinical Research Center\",\"isPartOf\":{\"@id\":\"https:\\\/\\\/clinicaltrials.rs\\\/#website\"},\"primaryImageOfPage\":{\"@id\":\"https:\\\/\\\/clinicaltrials.rs\\\/studies-areas\\\/#primaryimage\"},\"image\":{\"@id\":\"https:\\\/\\\/clinicaltrials.rs\\\/studies-areas\\\/#primaryimage\"},\"thumbnailUrl\":\"https:\\\/\\\/clinicaltrials.rs\\\/wp-content\\\/uploads\\\/2022\\\/12\\\/page-title.jpg\",\"datePublished\":\"2022-10-19T19:51:11+00:00\",\"dateModified\":\"2022-12-27T13:41:20+00:00\",\"breadcrumb\":{\"@id\":\"https:\\\/\\\/clinicaltrials.rs\\\/studies-areas\\\/#breadcrumb\"},\"inLanguage\":\"sr-RS\",\"potentialAction\":[{\"@type\":\"ReadAction\",\"target\":[\"https:\\\/\\\/clinicaltrials.rs\\\/studies-areas\\\/\"]}]},{\"@type\":\"ImageObject\",\"inLanguage\":\"sr-RS\",\"@id\":\"https:\\\/\\\/clinicaltrials.rs\\\/studies-areas\\\/#primaryimage\",\"url\":\"https:\\\/\\\/clinicaltrials.rs\\\/wp-content\\\/uploads\\\/2022\\\/12\\\/page-title.jpg\",\"contentUrl\":\"https:\\\/\\\/clinicaltrials.rs\\\/wp-content\\\/uploads\\\/2022\\\/12\\\/page-title.jpg\",\"width\":1920,\"height\":338},{\"@type\":\"BreadcrumbList\",\"@id\":\"https:\\\/\\\/clinicaltrials.rs\\\/studies-areas\\\/#breadcrumb\",\"itemListElement\":[{\"@type\":\"ListItem\",\"position\":1,\"name\":\"Home\",\"item\":\"https:\\\/\\\/clinicaltrials.rs\\\/\"},{\"@type\":\"ListItem\",\"position\":2,\"name\":\"Studies (Areas)\"}]},{\"@type\":\"WebSite\",\"@id\":\"https:\\\/\\\/clinicaltrials.rs\\\/#website\",\"url\":\"https:\\\/\\\/clinicaltrials.rs\\\/\",\"name\":\"MSB Clinical Research Center\",\"description\":\"Clinical Research Done Right\",\"publisher\":{\"@id\":\"https:\\\/\\\/clinicaltrials.rs\\\/#organization\"},\"alternateName\":\"Centar za klini\u010dka ispitivanja\",\"potentialAction\":[{\"@type\":\"SearchAction\",\"target\":{\"@type\":\"EntryPoint\",\"urlTemplate\":\"https:\\\/\\\/clinicaltrials.rs\\\/?s={search_term_string}\"},\"query-input\":{\"@type\":\"PropertyValueSpecification\",\"valueRequired\":true,\"valueName\":\"search_term_string\"}}],\"inLanguage\":\"sr-RS\"},{\"@type\":\"Organization\",\"@id\":\"https:\\\/\\\/clinicaltrials.rs\\\/#organization\",\"name\":\"MSB Clinical Research Center\",\"alternateName\":\"Clinical Research Center\",\"url\":\"https:\\\/\\\/clinicaltrials.rs\\\/\",\"logo\":{\"@type\":\"ImageObject\",\"inLanguage\":\"sr-RS\",\"@id\":\"https:\\\/\\\/clinicaltrials.rs\\\/#\\\/schema\\\/logo\\\/image\\\/\",\"url\":\"https:\\\/\\\/clinicaltrials.rs\\\/wp-content\\\/uploads\\\/2022\\\/10\\\/Web_Logo.png\",\"contentUrl\":\"https:\\\/\\\/clinicaltrials.rs\\\/wp-content\\\/uploads\\\/2022\\\/10\\\/Web_Logo.png\",\"width\":400,\"height\":114,\"caption\":\"MSB Clinical Research Center\"},\"image\":{\"@id\":\"https:\\\/\\\/clinicaltrials.rs\\\/#\\\/schema\\\/logo\\\/image\\\/\"}}]}<\/script>\n<!-- \/ Yoast SEO plugin. -->","yoast_head_json":{"title":"Studies (Areas) - MSB Clinical Research Center","robots":{"index":"index","follow":"follow","max-snippet":"max-snippet:-1","max-image-preview":"max-image-preview:large","max-video-preview":"max-video-preview:-1"},"canonical":"https:\/\/clinicaltrials.rs\/sr\/studies-areas\/","og_locale":"sr_RS","og_type":"article","og_title":"Studies (Areas) - MSB Clinical Research Center","og_description":"Studies (areas) We are equipped to cover wide range of medical fields, including Neurology, Gastroenterology, Haematology, Oncology, Pulmonology, Obstetrics &amp; Gynaecology, Nephrology, Psychiatry, Endocrinology, Cardiology, Allergology, Immunology, Dermatology, Ophthalmology, Paediatrics, [&hellip;]","og_url":"https:\/\/clinicaltrials.rs\/sr\/studies-areas\/","og_site_name":"MSB Clinical Research Center","article_modified_time":"2022-12-27T13:41:20+00:00","og_image":[{"width":1920,"height":338,"url":"https:\/\/clinicaltrials.rs\/wp-content\/uploads\/2022\/12\/page-title.jpg","type":"image\/jpeg"}],"twitter_card":"summary_large_image","twitter_misc":{"\u041f\u0440\u043e\u0446\u0435\u045a\u0435\u043d\u043e \u0432\u0440\u0435\u043c\u0435 \u0447\u0438\u0442\u0430\u045a\u0430":"1 \u043c\u0438\u043d\u0443\u0442"},"schema":{"@context":"https:\/\/schema.org","@graph":[{"@type":"WebPage","@id":"https:\/\/clinicaltrials.rs\/studies-areas\/","url":"https:\/\/clinicaltrials.rs\/studies-areas\/","name":"Studies (Areas) - MSB Clinical Research Center","isPartOf":{"@id":"https:\/\/clinicaltrials.rs\/#website"},"primaryImageOfPage":{"@id":"https:\/\/clinicaltrials.rs\/studies-areas\/#primaryimage"},"image":{"@id":"https:\/\/clinicaltrials.rs\/studies-areas\/#primaryimage"},"thumbnailUrl":"https:\/\/clinicaltrials.rs\/wp-content\/uploads\/2022\/12\/page-title.jpg","datePublished":"2022-10-19T19:51:11+00:00","dateModified":"2022-12-27T13:41:20+00:00","breadcrumb":{"@id":"https:\/\/clinicaltrials.rs\/studies-areas\/#breadcrumb"},"inLanguage":"sr-RS","potentialAction":[{"@type":"ReadAction","target":["https:\/\/clinicaltrials.rs\/studies-areas\/"]}]},{"@type":"ImageObject","inLanguage":"sr-RS","@id":"https:\/\/clinicaltrials.rs\/studies-areas\/#primaryimage","url":"https:\/\/clinicaltrials.rs\/wp-content\/uploads\/2022\/12\/page-title.jpg","contentUrl":"https:\/\/clinicaltrials.rs\/wp-content\/uploads\/2022\/12\/page-title.jpg","width":1920,"height":338},{"@type":"BreadcrumbList","@id":"https:\/\/clinicaltrials.rs\/studies-areas\/#breadcrumb","itemListElement":[{"@type":"ListItem","position":1,"name":"Home","item":"https:\/\/clinicaltrials.rs\/"},{"@type":"ListItem","position":2,"name":"Studies (Areas)"}]},{"@type":"WebSite","@id":"https:\/\/clinicaltrials.rs\/#website","url":"https:\/\/clinicaltrials.rs\/","name":"MSB Centar za klini\u010dka ispitivanja","description":"Clinical Research Done Right","publisher":{"@id":"https:\/\/clinicaltrials.rs\/#organization"},"alternateName":"Centar za klini\u010dka ispitivanja","potentialAction":[{"@type":"SearchAction","target":{"@type":"EntryPoint","urlTemplate":"https:\/\/clinicaltrials.rs\/?s={search_term_string}"},"query-input":{"@type":"PropertyValueSpecification","valueRequired":true,"valueName":"search_term_string"}}],"inLanguage":"sr-RS"},{"@type":"Organization","@id":"https:\/\/clinicaltrials.rs\/#organization","name":"MSB Centar za klini\u010dka ispitivanja","alternateName":"Clinical Research Center","url":"https:\/\/clinicaltrials.rs\/","logo":{"@type":"ImageObject","inLanguage":"sr-RS","@id":"https:\/\/clinicaltrials.rs\/#\/schema\/logo\/image\/","url":"https:\/\/clinicaltrials.rs\/wp-content\/uploads\/2022\/10\/Web_Logo.png","contentUrl":"https:\/\/clinicaltrials.rs\/wp-content\/uploads\/2022\/10\/Web_Logo.png","width":400,"height":114,"caption":"MSB Clinical Research Center"},"image":{"@id":"https:\/\/clinicaltrials.rs\/#\/schema\/logo\/image\/"}}]}},"_links":{"self":[{"href":"https:\/\/clinicaltrials.rs\/sr\/wp-json\/wp\/v2\/pages\/3453","targetHints":{"allow":["GET"]}}],"collection":[{"href":"https:\/\/clinicaltrials.rs\/sr\/wp-json\/wp\/v2\/pages"}],"about":[{"href":"https:\/\/clinicaltrials.rs\/sr\/wp-json\/wp\/v2\/types\/page"}],"author":[{"embeddable":true,"href":"https:\/\/clinicaltrials.rs\/sr\/wp-json\/wp\/v2\/users\/2"}],"replies":[{"embeddable":true,"href":"https:\/\/clinicaltrials.rs\/sr\/wp-json\/wp\/v2\/comments?post=3453"}],"version-history":[{"count":0,"href":"https:\/\/clinicaltrials.rs\/sr\/wp-json\/wp\/v2\/pages\/3453\/revisions"}],"wp:featuredmedia":[{"embeddable":true,"href":"https:\/\/clinicaltrials.rs\/sr\/wp-json\/wp\/v2\/media\/4067"}],"wp:attachment":[{"href":"https:\/\/clinicaltrials.rs\/sr\/wp-json\/wp\/v2\/media?parent=3453"}],"curies":[{"name":"wp","href":"https:\/\/api.w.org\/{rel}","templated":true}]}}