{"id":446,"date":"2021-05-09T10:22:58","date_gmt":"2021-05-09T10:22:58","guid":{"rendered":"http:\/\/localhost\/wp-themes\/laborex\/?page_id=446"},"modified":"2023-08-04T08:49:07","modified_gmt":"2023-08-04T08:49:07","slug":"our-team","status":"publish","type":"page","link":"https:\/\/clinicaltrials.rs\/sr\/our-team\/","title":{"rendered":"Na\u0161 tim"},"content":{"rendered":"<div data-elementor-type=\"wp-page\" data-elementor-id=\"446\" class=\"elementor elementor-446\">\n\t\t\t\t\t\t<section class=\"elementor-section elementor-top-section elementor-element elementor-element-6730df79 elementor-section-boxed elementor-section-height-default elementor-section-height-default\" data-id=\"6730df79\" data-element_type=\"section\" data-e-type=\"section\">\n\t\t\t\t\t\t<div class=\"elementor-container elementor-column-gap-no\">\n\t\t\t\t\t<div class=\"elementor-column elementor-col-100 elementor-top-column elementor-element elementor-element-f61b32c\" data-id=\"f61b32c\" data-element_type=\"column\" data-e-type=\"column\">\n\t\t\t<div class=\"elementor-widget-wrap elementor-element-populated\">\n\t\t\t\t\t\t<div class=\"elementor-element elementor-element-26910a37 elementor-widget elementor-widget-laborex_future_member_content1\" data-id=\"26910a37\" data-element_type=\"widget\" data-e-type=\"widget\" data-widget_type=\"laborex_future_member_content1.default\">\n\t\t\t\t<div class=\"elementor-widget-container\">\n\t\t\t\t\t \r\n\t\t<div class=\"content-one\">\r\n\t\t\t<div class=\"text\">\r\n\t\t\t\t<h3>Na\u0161 tim<\/h3>\r\n\t\t\t\t<p>Na\u0161 tim \u010dine visoko-obrazovani i iskusni stru\u010dnjaci koji su obu\u010deni i sertifikovani za sprovo\u0111enje klini\u010dkih studija koje\npokrivaju \u0161irok spektar medicinskih indikacija.\n\u010clanovi tima:<\/p><p>Miodrag Vujcic, MD \u2013 Co-Founder and Head of MSB Clinical Research Center <br \/>Ivana Altin - Clinical Research Coordinator<br \/>Kristina Sretenovic \u2013 Clinical Research Nurse<\/p><p>\u00a0<\/p><p>Kao istra\u017eiva\u010de, upo\u0161ljavamo brojne priznate stru\u010dnjake, razli\u010ditih portfolia, sa obimnim iskustvom u oblasti klini\u010dkih\nispitivanja i re\u0161eno\u0161\u0107u da svim pacijentima obezbede podjednake \u0161anse za najmoderniji medicinski tretman.<\/p>\t\t\t<\/div>\r\n\t\t\t<figure class=\"image\">\r\n\t\t\t\t<div class=\"shape rotate-me\" style=\"background-image: url(https:\/\/clinicaltrials.rs\/wp-content\/uploads\/2021\/05\/shape-58.png);\"><\/div>\r\n\t\t\t\t\t\t\t<\/figure>\r\n\t\t<\/div> \r\n\t\t\t\t\t\t<\/div>\n\t\t\t\t<\/div>\n\t\t\t\t<div class=\"elementor-element elementor-element-8567205 elementor-widget elementor-widget-text-editor\" data-id=\"8567205\" data-element_type=\"widget\" data-e-type=\"widget\" data-widget_type=\"text-editor.default\">\n\t\t\t\t<div class=\"elementor-widget-container\">\n\t\t\t\t\t\t\t\t\t<p>MSB Centar za klini\u010dka ispitivanja upo\u0161ljava specijalizovane studijske koordinatore i\nstudijske sestre, \u0161to omogu\u0107ava a\u017eurnu komunikaciju, dostupnost i pa\u017eljivo pra\u0107enje toka\nstudije.<\/p><p>\u00a0<\/p><p>Nastojimo da stalno pro\u0161irujemo tim u skladu sa potrebama studije. Na\u0161 tim \u010dini\nvisokoobrazovano osoblje, obu\u010deno za sprovo\u0111enje klini\u010dkih ispitivanja od po\u010detne faze,\npa sve do samog kraja studije.<\/p><p>\u00a0<\/p><p>Na\u0161i \u010dlanovi tima poseduju IATA i GCP sertifikat, kao i ve\u0161tine za rad sa razli\u010ditim\nstudijskim platformama i portalima.<\/p><p>Stremimo da obezbedimo vrhunski kvalitet klini\u010dkih ispitivanja, imaju\u0107i pritom\nbezbednost na\u0161ih pacijenata kao prioritet.<\/p><p>\u00a0<\/p><p>Uz pomo\u0107 na\u0161e \u0161iroke mre\u017ee istaknutih medicinskih stru\u010dnjaka, na\u0161 Centar je u\nmogu\u0107nosti da anga\u017euje brojne istra\u017eiva\u010de sa dugogodi\u0161njim iskustvom u klini\u010dkim\nstudijama, za \u0161irok spektar medicinskih indikacija.<\/p>\t\t\t\t\t\t\t\t<\/div>\n\t\t\t\t<\/div>\n\t\t\t\t\t<\/div>\n\t\t<\/div>\n\t\t\t\t\t<\/div>\n\t\t<\/section>\n\t\t\t\t<section class=\"elementor-section elementor-top-section elementor-element elementor-element-6f54c2d elementor-section-full_width elementor-section-height-default elementor-section-height-default\" data-id=\"6f54c2d\" data-element_type=\"section\" data-e-type=\"section\">\n\t\t\t\t\t\t<div class=\"elementor-container elementor-column-gap-no\">\n\t\t\t\t\t<div class=\"elementor-column elementor-col-100 elementor-top-column elementor-element elementor-element-cdd273b\" data-id=\"cdd273b\" data-element_type=\"column\" data-e-type=\"column\">\n\t\t\t<div class=\"elementor-widget-wrap elementor-element-populated\">\n\t\t\t\t\t\t<div class=\"elementor-element elementor-element-efa90ba team-page elementor-widget elementor-widget-laborex_team\" data-id=\"efa90ba\" data-element_type=\"widget\" data-e-type=\"widget\" data-widget_type=\"laborex_team.default\">\n\t\t\t\t<div class=\"elementor-widget-container\">\n\t\t\t\t\t\t\t\t<section class=\"team-style-three sec-pad centred\">\r\n\t\t\t\t<div class=\"auto-container\">\r\n\t\t\t\t\t\t\t\t\t\t\t<div class=\"sec-title centred\">\r\n\t\t\t\t\t\t\t<h6>\u010cLANOVI TIMA<\/h6>\r\n\t\t\t\t\t\t\t<h2>Osiguravamo kvalitet klini\u010dkih studija.<\/h2>\r\n\t\t\t\t\t\t<\/div>\r\n\t\t\t\t\t\t\t\t\t\t<div class=\"row clearfix\">\r\n\t\t\t\t\t\t\t\t\t\t\t\t\t<div class=\"col-lg-4 col-md-6 col-sm-12 team-block\">\r\n\t\t\t\t\t\t\t\t<div class=\"team-block-two\">\r\n\t\t\t\t\t\t\t\t\t<div class=\"inner-box\">\r\n\t\t\t\t\t\t\t\t\t<a href=\"#\"  >\r\n\t\t\t\t\t\t\t\t\t\t<figure class=\"image-box\">\r\n\t\t\t\t\t\t\t\t\t\t\t<img fetchpriority=\"high\" decoding=\"async\" width=\"1000\" height=\"1000\" src=\"https:\/\/clinicaltrials.rs\/wp-content\/uploads\/2023\/01\/Dr-Miodrag-Vujcic.jpg\" class=\"attachment-full size-full\" alt=\"\" srcset=\"https:\/\/clinicaltrials.rs\/wp-content\/uploads\/2023\/01\/Dr-Miodrag-Vujcic.jpg 1000w, https:\/\/clinicaltrials.rs\/wp-content\/uploads\/2023\/01\/Dr-Miodrag-Vujcic-300x300.jpg 300w, https:\/\/clinicaltrials.rs\/wp-content\/uploads\/2023\/01\/Dr-Miodrag-Vujcic-150x150.jpg 150w, https:\/\/clinicaltrials.rs\/wp-content\/uploads\/2023\/01\/Dr-Miodrag-Vujcic-768x768.jpg 768w, https:\/\/clinicaltrials.rs\/wp-content\/uploads\/2023\/01\/Dr-Miodrag-Vujcic-12x12.jpg 12w\" sizes=\"(max-width: 1000px) 100vw, 1000px\" \/>\t\t\t\t\t\t\t\t\t\t<\/figure>\r\n\t\t\t\t\t\t\t\t\t<\/a>\r\n\t\t\t\t\t\t\t\t\t\t<div class=\"lower-content\">\r\n\t\t\t\t\t\t\t\t\t\t\t<div class=\"inner\">\r\n\t\t\t\t\t\t\t\t\t\t\t\t<h4>\r\n\t\t\t\t\t\t\t\t\t\t\t\t\t<a href=\"#\"  >\r\n\t\t\t\t\t\t\t\t\t\t\t\t\tDr Miodrag Vuj\u010di\u0107\t\t\t\t\t\t\t\t\t\t\t\t\t<\/a>\r\n\t\t\t\t\t\t\t\t\t\t\t\t<\/h4>\r\n\t\t\t\t\t\t\t\t\t\t\t\t<span class=\"designation\">Specijalista neurolog<\/span>\r\n\t\t\t\t\t\t\t\t\t\t\t\t<ul class=\"social-style-one\">\r\n\t\t\t\t\t\t\t\t\t\t\t\t\tNa\u010delnik MSB Centra za klini\u010dka\nispitivanja\t\t\t\t\t\t\t\t\t\t\t\t<\/ul>\r\n\t\t\t\t\t\t\t\t\t\t\t<\/div>\r\n\t\t\t\t\t\t\t\t\t\t<\/div>\r\n\t\t\t\t\t\t\t\t\t<\/div>\r\n\t\t\t\t\t\t\t\t<\/div>\r\n\t\t\t\t\t\t\t<\/div>\r\n\t\t\t\t\t\t\t\t\t\t\t\t\t<div class=\"col-lg-4 col-md-6 col-sm-12 team-block\">\r\n\t\t\t\t\t\t\t\t<div class=\"team-block-two\">\r\n\t\t\t\t\t\t\t\t\t<div class=\"inner-box\">\r\n\t\t\t\t\t\t\t\t\t<a href=\"#\"  >\r\n\t\t\t\t\t\t\t\t\t\t<figure class=\"image-box\">\r\n\t\t\t\t\t\t\t\t\t\t\t<img decoding=\"async\" width=\"1000\" height=\"1000\" src=\"https:\/\/clinicaltrials.rs\/wp-content\/uploads\/2023\/01\/Kristina-Sretenovic.jpg\" class=\"attachment-full size-full\" alt=\"\" srcset=\"https:\/\/clinicaltrials.rs\/wp-content\/uploads\/2023\/01\/Kristina-Sretenovic.jpg 1000w, https:\/\/clinicaltrials.rs\/wp-content\/uploads\/2023\/01\/Kristina-Sretenovic-300x300.jpg 300w, https:\/\/clinicaltrials.rs\/wp-content\/uploads\/2023\/01\/Kristina-Sretenovic-150x150.jpg 150w, https:\/\/clinicaltrials.rs\/wp-content\/uploads\/2023\/01\/Kristina-Sretenovic-768x768.jpg 768w, https:\/\/clinicaltrials.rs\/wp-content\/uploads\/2023\/01\/Kristina-Sretenovic-12x12.jpg 12w\" sizes=\"(max-width: 1000px) 100vw, 1000px\" \/>\t\t\t\t\t\t\t\t\t\t<\/figure>\r\n\t\t\t\t\t\t\t\t\t<\/a>\r\n\t\t\t\t\t\t\t\t\t\t<div class=\"lower-content\">\r\n\t\t\t\t\t\t\t\t\t\t\t<div class=\"inner\">\r\n\t\t\t\t\t\t\t\t\t\t\t\t<h4>\r\n\t\t\t\t\t\t\t\t\t\t\t\t\t<a href=\"#\"  >\r\n\t\t\t\t\t\t\t\t\t\t\t\t\tKristina Sretenovi\u0107\t\t\t\t\t\t\t\t\t\t\t\t\t<\/a>\r\n\t\t\t\t\t\t\t\t\t\t\t\t<\/h4>\r\n\t\t\t\t\t\t\t\t\t\t\t\t<span class=\"designation\">Strukovna medicinska sestra<\/span>\r\n\t\t\t\t\t\t\t\t\t\t\t\t<ul class=\"social-style-one\">\r\n\t\t\t\t\t\t\t\t\t\t\t\t\tStudijska sestra\t\t\t\t\t\t\t\t\t\t\t\t<\/ul>\r\n\t\t\t\t\t\t\t\t\t\t\t<\/div>\r\n\t\t\t\t\t\t\t\t\t\t<\/div>\r\n\t\t\t\t\t\t\t\t\t<\/div>\r\n\t\t\t\t\t\t\t\t<\/div>\r\n\t\t\t\t\t\t\t<\/div>\r\n\t\t\t\t\t\t\t\t\t\t\t\t\t<div class=\"col-lg-4 col-md-6 col-sm-12 team-block\">\r\n\t\t\t\t\t\t\t\t<div class=\"team-block-two\">\r\n\t\t\t\t\t\t\t\t\t<div class=\"inner-box\">\r\n\t\t\t\t\t\t\t\t\t<a href=\"#\"  >\r\n\t\t\t\t\t\t\t\t\t\t<figure class=\"image-box\">\r\n\t\t\t\t\t\t\t\t\t\t\t<img decoding=\"async\" width=\"1000\" height=\"1000\" src=\"https:\/\/clinicaltrials.rs\/wp-content\/uploads\/2023\/01\/Ivana-Altin.jpg\" class=\"attachment-full size-full\" alt=\"\" srcset=\"https:\/\/clinicaltrials.rs\/wp-content\/uploads\/2023\/01\/Ivana-Altin.jpg 1000w, https:\/\/clinicaltrials.rs\/wp-content\/uploads\/2023\/01\/Ivana-Altin-300x300.jpg 300w, https:\/\/clinicaltrials.rs\/wp-content\/uploads\/2023\/01\/Ivana-Altin-150x150.jpg 150w, https:\/\/clinicaltrials.rs\/wp-content\/uploads\/2023\/01\/Ivana-Altin-768x768.jpg 768w, https:\/\/clinicaltrials.rs\/wp-content\/uploads\/2023\/01\/Ivana-Altin-12x12.jpg 12w\" sizes=\"(max-width: 1000px) 100vw, 1000px\" \/>\t\t\t\t\t\t\t\t\t\t<\/figure>\r\n\t\t\t\t\t\t\t\t\t<\/a>\r\n\t\t\t\t\t\t\t\t\t\t<div class=\"lower-content\">\r\n\t\t\t\t\t\t\t\t\t\t\t<div class=\"inner\">\r\n\t\t\t\t\t\t\t\t\t\t\t\t<h4>\r\n\t\t\t\t\t\t\t\t\t\t\t\t\t<a href=\"#\"  >\r\n\t\t\t\t\t\t\t\t\t\t\t\t\tIvana Altin\t\t\t\t\t\t\t\t\t\t\t\t\t<\/a>\r\n\t\t\t\t\t\t\t\t\t\t\t\t<\/h4>\r\n\t\t\t\t\t\t\t\t\t\t\t\t<span class=\"designation\"><\/span>\r\n\t\t\t\t\t\t\t\t\t\t\t\t<ul class=\"social-style-one\">\r\n\t\t\t\t\t\t\t\t\t\t\t\t\tStudijski koordinator\t\t\t\t\t\t\t\t\t\t\t\t<\/ul>\r\n\t\t\t\t\t\t\t\t\t\t\t<\/div>\r\n\t\t\t\t\t\t\t\t\t\t<\/div>\r\n\t\t\t\t\t\t\t\t\t<\/div>\r\n\t\t\t\t\t\t\t\t<\/div>\r\n\t\t\t\t\t\t\t<\/div>\r\n\t\t\t\t\t\t\t\t\t\t\t\t\t<div class=\"col-lg-4 col-md-6 col-sm-12 team-block\">\r\n\t\t\t\t\t\t\t\t<div class=\"team-block-two\">\r\n\t\t\t\t\t\t\t\t\t<div class=\"inner-box\">\r\n\t\t\t\t\t\t\t\t\t<a href=\"#\"  >\r\n\t\t\t\t\t\t\t\t\t\t<figure class=\"image-box\">\r\n\t\t\t\t\t\t\t\t\t\t\t<img loading=\"lazy\" decoding=\"async\" width=\"370\" height=\"370\" src=\"https:\/\/clinicaltrials.rs\/wp-content\/uploads\/2023\/07\/Dr-Sreckovic-slika-za-sajt.jpg\" class=\"attachment-full size-full\" alt=\"\" srcset=\"https:\/\/clinicaltrials.rs\/wp-content\/uploads\/2023\/07\/Dr-Sreckovic-slika-za-sajt.jpg 370w, https:\/\/clinicaltrials.rs\/wp-content\/uploads\/2023\/07\/Dr-Sreckovic-slika-za-sajt-300x300.jpg 300w, https:\/\/clinicaltrials.rs\/wp-content\/uploads\/2023\/07\/Dr-Sreckovic-slika-za-sajt-150x150.jpg 150w, https:\/\/clinicaltrials.rs\/wp-content\/uploads\/2023\/07\/Dr-Sreckovic-slika-za-sajt-12x12.jpg 12w\" sizes=\"(max-width: 370px) 100vw, 370px\" \/>\t\t\t\t\t\t\t\t\t\t<\/figure>\r\n\t\t\t\t\t\t\t\t\t<\/a>\r\n\t\t\t\t\t\t\t\t\t\t<div class=\"lower-content\">\r\n\t\t\t\t\t\t\t\t\t\t\t<div class=\"inner\">\r\n\t\t\t\t\t\t\t\t\t\t\t\t<h4>\r\n\t\t\t\t\t\t\t\t\t\t\t\t\t<a href=\"#\"  >\r\n\t\t\t\t\t\t\t\t\t\t\t\t\tMarija Sre\u0107kovi\u0107\t\t\t\t\t\t\t\t\t\t\t\t\t<\/a>\r\n\t\t\t\t\t\t\t\t\t\t\t\t<\/h4>\r\n\t\t\t\t\t\t\t\t\t\t\t\t<span class=\"designation\">Doktor medicine<\/span>\r\n\t\t\t\t\t\t\t\t\t\t\t\t<ul class=\"social-style-one\">\r\n\t\t\t\t\t\t\t\t\t\t\t\t\tStudijski koordinator\t\t\t\t\t\t\t\t\t\t\t\t<\/ul>\r\n\t\t\t\t\t\t\t\t\t\t\t<\/div>\r\n\t\t\t\t\t\t\t\t\t\t<\/div>\r\n\t\t\t\t\t\t\t\t\t<\/div>\r\n\t\t\t\t\t\t\t\t<\/div>\r\n\t\t\t\t\t\t\t<\/div>\r\n\t\t\t\t\t\t\t\t\t\t\t<\/div>\r\n\t\t\t\t<\/div>\r\n\t\t\t<\/section>\r\n\t\t\t\t\t\t<\/div>\n\t\t\t\t<\/div>\n\t\t\t\t\t<\/div>\n\t\t<\/div>\n\t\t\t\t\t<\/div>\n\t\t<\/section>\n\t\t\t\t<\/div>","protected":false},"excerpt":{"rendered":"<p>Our Team We are a fast-growing team of dedicated clinical research professionals. Highly educated and trained for conducting trials in various therapeutic areas. Miodrag Vujcic, MD \u2013 Co-Founder and Head [&hellip;]<\/p>\n","protected":false},"author":2,"featured_media":4067,"parent":0,"menu_order":0,"comment_status":"closed","ping_status":"closed","template":"elementor_header_footer","meta":{"footnotes":""},"class_list":["post-446","page","type-page","status-publish","has-post-thumbnail","hentry"],"yoast_head":"<!-- This site is optimized with the Yoast SEO plugin v27.4 - https:\/\/yoast.com\/product\/yoast-seo-wordpress\/ -->\n<title>Doctors Investigators | Clinical Trials Medical System Belgrade | MSB<\/title>\n<meta name=\"description\" content=\"Medical team of MSB CRC. Doctors investigators in Medical System Belgrade clinical research center. Specialized research team.\" \/>\n<meta name=\"robots\" content=\"index, follow, max-snippet:-1, max-image-preview:large, max-video-preview:-1\" \/>\n<link rel=\"canonical\" href=\"https:\/\/clinicaltrials.rs\/sr\/our-team\/\" \/>\n<meta property=\"og:locale\" content=\"sr_RS\" \/>\n<meta property=\"og:type\" content=\"article\" \/>\n<meta property=\"og:title\" content=\"Doctors Investigators | Clinical Trials Medical System Belgrade | MSB\" \/>\n<meta property=\"og:description\" content=\"Medical team of MSB CRC. Doctors investigators in Medical System Belgrade clinical research center. Specialized research team.\" \/>\n<meta property=\"og:url\" content=\"https:\/\/clinicaltrials.rs\/sr\/our-team\/\" \/>\n<meta property=\"og:site_name\" content=\"MSB Clinical Research Center\" \/>\n<meta property=\"article:modified_time\" content=\"2023-08-04T08:49:07+00:00\" \/>\n<meta property=\"og:image\" content=\"https:\/\/clinicaltrials.rs\/wp-content\/uploads\/2022\/12\/page-title.jpg\" \/>\n\t<meta property=\"og:image:width\" content=\"1920\" \/>\n\t<meta property=\"og:image:height\" content=\"338\" \/>\n\t<meta property=\"og:image:type\" content=\"image\/jpeg\" \/>\n<meta name=\"twitter:card\" content=\"summary_large_image\" \/>\n<meta name=\"twitter:label1\" content=\"\u041f\u0440\u043e\u0446\u0435\u045a\u0435\u043d\u043e \u0432\u0440\u0435\u043c\u0435 \u0447\u0438\u0442\u0430\u045a\u0430\" \/>\n\t<meta name=\"twitter:data1\" content=\"2 \u043c\u0438\u043d\u0443\u0442\u0430\" \/>\n<script type=\"application\/ld+json\" class=\"yoast-schema-graph\">{\"@context\":\"https:\\\/\\\/schema.org\",\"@graph\":[{\"@type\":\"WebPage\",\"@id\":\"https:\\\/\\\/clinicaltrials.rs\\\/our-team\\\/\",\"url\":\"https:\\\/\\\/clinicaltrials.rs\\\/our-team\\\/\",\"name\":\"Doctors Investigators | Clinical Trials Medical System Belgrade | MSB\",\"isPartOf\":{\"@id\":\"https:\\\/\\\/clinicaltrials.rs\\\/#website\"},\"primaryImageOfPage\":{\"@id\":\"https:\\\/\\\/clinicaltrials.rs\\\/our-team\\\/#primaryimage\"},\"image\":{\"@id\":\"https:\\\/\\\/clinicaltrials.rs\\\/our-team\\\/#primaryimage\"},\"thumbnailUrl\":\"https:\\\/\\\/clinicaltrials.rs\\\/wp-content\\\/uploads\\\/2022\\\/12\\\/page-title.jpg\",\"datePublished\":\"2021-05-09T10:22:58+00:00\",\"dateModified\":\"2023-08-04T08:49:07+00:00\",\"description\":\"Medical team of MSB CRC. Doctors investigators in Medical System Belgrade clinical research center. Specialized research team.\",\"breadcrumb\":{\"@id\":\"https:\\\/\\\/clinicaltrials.rs\\\/our-team\\\/#breadcrumb\"},\"inLanguage\":\"sr-RS\",\"potentialAction\":[{\"@type\":\"ReadAction\",\"target\":[\"https:\\\/\\\/clinicaltrials.rs\\\/our-team\\\/\"]}]},{\"@type\":\"ImageObject\",\"inLanguage\":\"sr-RS\",\"@id\":\"https:\\\/\\\/clinicaltrials.rs\\\/our-team\\\/#primaryimage\",\"url\":\"https:\\\/\\\/clinicaltrials.rs\\\/wp-content\\\/uploads\\\/2022\\\/12\\\/page-title.jpg\",\"contentUrl\":\"https:\\\/\\\/clinicaltrials.rs\\\/wp-content\\\/uploads\\\/2022\\\/12\\\/page-title.jpg\",\"width\":1920,\"height\":338},{\"@type\":\"BreadcrumbList\",\"@id\":\"https:\\\/\\\/clinicaltrials.rs\\\/our-team\\\/#breadcrumb\",\"itemListElement\":[{\"@type\":\"ListItem\",\"position\":1,\"name\":\"Home\",\"item\":\"https:\\\/\\\/clinicaltrials.rs\\\/\"},{\"@type\":\"ListItem\",\"position\":2,\"name\":\"Our Team\"}]},{\"@type\":\"WebSite\",\"@id\":\"https:\\\/\\\/clinicaltrials.rs\\\/#website\",\"url\":\"https:\\\/\\\/clinicaltrials.rs\\\/\",\"name\":\"MSB Clinical Research Center\",\"description\":\"Clinical Research Done Right\",\"publisher\":{\"@id\":\"https:\\\/\\\/clinicaltrials.rs\\\/#organization\"},\"alternateName\":\"Centar za klini\u010dka ispitivanja\",\"potentialAction\":[{\"@type\":\"SearchAction\",\"target\":{\"@type\":\"EntryPoint\",\"urlTemplate\":\"https:\\\/\\\/clinicaltrials.rs\\\/?s={search_term_string}\"},\"query-input\":{\"@type\":\"PropertyValueSpecification\",\"valueRequired\":true,\"valueName\":\"search_term_string\"}}],\"inLanguage\":\"sr-RS\"},{\"@type\":\"Organization\",\"@id\":\"https:\\\/\\\/clinicaltrials.rs\\\/#organization\",\"name\":\"MSB Clinical Research Center\",\"alternateName\":\"Clinical Research Center\",\"url\":\"https:\\\/\\\/clinicaltrials.rs\\\/\",\"logo\":{\"@type\":\"ImageObject\",\"inLanguage\":\"sr-RS\",\"@id\":\"https:\\\/\\\/clinicaltrials.rs\\\/#\\\/schema\\\/logo\\\/image\\\/\",\"url\":\"https:\\\/\\\/clinicaltrials.rs\\\/wp-content\\\/uploads\\\/2022\\\/10\\\/Web_Logo.png\",\"contentUrl\":\"https:\\\/\\\/clinicaltrials.rs\\\/wp-content\\\/uploads\\\/2022\\\/10\\\/Web_Logo.png\",\"width\":400,\"height\":114,\"caption\":\"MSB Clinical Research Center\"},\"image\":{\"@id\":\"https:\\\/\\\/clinicaltrials.rs\\\/#\\\/schema\\\/logo\\\/image\\\/\"}}]}<\/script>\n<!-- \/ Yoast SEO plugin. -->","yoast_head_json":{"title":"Doctors Investigators | Clinical Trials Medical System Belgrade | MSB","description":"Medical team of MSB CRC. Doctors investigators in Medical System Belgrade clinical research center. Specialized research team.","robots":{"index":"index","follow":"follow","max-snippet":"max-snippet:-1","max-image-preview":"max-image-preview:large","max-video-preview":"max-video-preview:-1"},"canonical":"https:\/\/clinicaltrials.rs\/sr\/our-team\/","og_locale":"sr_RS","og_type":"article","og_title":"Doctors Investigators | Clinical Trials Medical System Belgrade | MSB","og_description":"Medical team of MSB CRC. Doctors investigators in Medical System Belgrade clinical research center. Specialized research team.","og_url":"https:\/\/clinicaltrials.rs\/sr\/our-team\/","og_site_name":"MSB Clinical Research Center","article_modified_time":"2023-08-04T08:49:07+00:00","og_image":[{"width":1920,"height":338,"url":"https:\/\/clinicaltrials.rs\/wp-content\/uploads\/2022\/12\/page-title.jpg","type":"image\/jpeg"}],"twitter_card":"summary_large_image","twitter_misc":{"\u041f\u0440\u043e\u0446\u0435\u045a\u0435\u043d\u043e \u0432\u0440\u0435\u043c\u0435 \u0447\u0438\u0442\u0430\u045a\u0430":"2 \u043c\u0438\u043d\u0443\u0442\u0430"},"schema":{"@context":"https:\/\/schema.org","@graph":[{"@type":"WebPage","@id":"https:\/\/clinicaltrials.rs\/our-team\/","url":"https:\/\/clinicaltrials.rs\/our-team\/","name":"Doctors Investigators | Clinical Trials Medical System Belgrade | MSB","isPartOf":{"@id":"https:\/\/clinicaltrials.rs\/#website"},"primaryImageOfPage":{"@id":"https:\/\/clinicaltrials.rs\/our-team\/#primaryimage"},"image":{"@id":"https:\/\/clinicaltrials.rs\/our-team\/#primaryimage"},"thumbnailUrl":"https:\/\/clinicaltrials.rs\/wp-content\/uploads\/2022\/12\/page-title.jpg","datePublished":"2021-05-09T10:22:58+00:00","dateModified":"2023-08-04T08:49:07+00:00","description":"Medical team of MSB CRC. Doctors investigators in Medical System Belgrade clinical research center. Specialized research team.","breadcrumb":{"@id":"https:\/\/clinicaltrials.rs\/our-team\/#breadcrumb"},"inLanguage":"sr-RS","potentialAction":[{"@type":"ReadAction","target":["https:\/\/clinicaltrials.rs\/our-team\/"]}]},{"@type":"ImageObject","inLanguage":"sr-RS","@id":"https:\/\/clinicaltrials.rs\/our-team\/#primaryimage","url":"https:\/\/clinicaltrials.rs\/wp-content\/uploads\/2022\/12\/page-title.jpg","contentUrl":"https:\/\/clinicaltrials.rs\/wp-content\/uploads\/2022\/12\/page-title.jpg","width":1920,"height":338},{"@type":"BreadcrumbList","@id":"https:\/\/clinicaltrials.rs\/our-team\/#breadcrumb","itemListElement":[{"@type":"ListItem","position":1,"name":"Home","item":"https:\/\/clinicaltrials.rs\/"},{"@type":"ListItem","position":2,"name":"Our Team"}]},{"@type":"WebSite","@id":"https:\/\/clinicaltrials.rs\/#website","url":"https:\/\/clinicaltrials.rs\/","name":"MSB Centar za klini\u010dka ispitivanja","description":"Clinical Research Done Right","publisher":{"@id":"https:\/\/clinicaltrials.rs\/#organization"},"alternateName":"Centar za klini\u010dka ispitivanja","potentialAction":[{"@type":"SearchAction","target":{"@type":"EntryPoint","urlTemplate":"https:\/\/clinicaltrials.rs\/?s={search_term_string}"},"query-input":{"@type":"PropertyValueSpecification","valueRequired":true,"valueName":"search_term_string"}}],"inLanguage":"sr-RS"},{"@type":"Organization","@id":"https:\/\/clinicaltrials.rs\/#organization","name":"MSB Centar za klini\u010dka ispitivanja","alternateName":"Clinical Research Center","url":"https:\/\/clinicaltrials.rs\/","logo":{"@type":"ImageObject","inLanguage":"sr-RS","@id":"https:\/\/clinicaltrials.rs\/#\/schema\/logo\/image\/","url":"https:\/\/clinicaltrials.rs\/wp-content\/uploads\/2022\/10\/Web_Logo.png","contentUrl":"https:\/\/clinicaltrials.rs\/wp-content\/uploads\/2022\/10\/Web_Logo.png","width":400,"height":114,"caption":"MSB Clinical Research Center"},"image":{"@id":"https:\/\/clinicaltrials.rs\/#\/schema\/logo\/image\/"}}]}},"_links":{"self":[{"href":"https:\/\/clinicaltrials.rs\/sr\/wp-json\/wp\/v2\/pages\/446","targetHints":{"allow":["GET"]}}],"collection":[{"href":"https:\/\/clinicaltrials.rs\/sr\/wp-json\/wp\/v2\/pages"}],"about":[{"href":"https:\/\/clinicaltrials.rs\/sr\/wp-json\/wp\/v2\/types\/page"}],"author":[{"embeddable":true,"href":"https:\/\/clinicaltrials.rs\/sr\/wp-json\/wp\/v2\/users\/2"}],"replies":[{"embeddable":true,"href":"https:\/\/clinicaltrials.rs\/sr\/wp-json\/wp\/v2\/comments?post=446"}],"version-history":[{"count":0,"href":"https:\/\/clinicaltrials.rs\/sr\/wp-json\/wp\/v2\/pages\/446\/revisions"}],"wp:featuredmedia":[{"embeddable":true,"href":"https:\/\/clinicaltrials.rs\/sr\/wp-json\/wp\/v2\/media\/4067"}],"wp:attachment":[{"href":"https:\/\/clinicaltrials.rs\/sr\/wp-json\/wp\/v2\/media?parent=446"}],"curies":[{"name":"wp","href":"https:\/\/api.w.org\/{rel}","templated":true}]}}